{"id":1225,"date":"2023-03-14T13:59:41","date_gmt":"2023-03-14T12:59:41","guid":{"rendered":"http:\/\/www.espace-sophrologie.org\/?page_id=1225"},"modified":"2025-06-05T14:44:00","modified_gmt":"2025-06-05T13:44:00","slug":"mettre-en-place-des-seances-de-groupe-dans-votre-entreprise-structure","status":"publish","type":"page","link":"https:\/\/www.espace-sophrologie.org\/?page_id=1225","title":{"rendered":"mettre en place des s\u00e9ances de groupe dans votre entreprise\/structure"},"content":{"rendered":"<p>[et_pb_section fb_built=\u00a0\u00bb1&Prime; fullwidth=\u00a0\u00bbon\u00a0\u00bb _builder_version=\u00a0\u00bb4.20.2&Prime; _module_preset=\u00a0\u00bbdefault\u00a0\u00bb global_colors_info=\u00a0\u00bb{}\u00a0\u00bb][et_pb_fullwidth_header title=\u00a0\u00bbBesoin de s\u00e9ance de sophrologie pour votre personnel\u00a0\u00bb header_image_url=\u00a0\u00bbhttps:\/\/www.espace-sophrologie.org\/wp-content\/uploads\/2023\/03\/pexels-cottonbro-studio-4881619-scaled.jpg\u00a0\u00bb _builder_version=\u00a0\u00bb4.20.2&Prime; _module_preset=\u00a0\u00bbdefault\u00a0\u00bb title_font_size=\u00a0\u00bb70px\u00a0\u00bb background_enable_color=\u00a0\u00bboff\u00a0\u00bb use_background_color_gradient=\u00a0\u00bbon\u00a0\u00bb background_color_gradient_stops=\u00a0\u00bb#2b87da 0%|#b7b9bf 100%\u00a0\u00bb hover_enabled=\u00a0\u00bb0&Prime; title_text_shadow_style=\u00a0\u00bbpreset2&Prime; title_text_shadow_color=\u00a0\u00bbrgba(51,0,204,0.24)\u00a0\u00bb global_colors_info=\u00a0\u00bb{}\u00a0\u00bb header_fullscreen=\u00a0\u00bbon\u00a0\u00bb module_alignment=\u00a0\u00bbleft\u00a0\u00bb sticky_enabled=\u00a0\u00bb0&Prime; title_font_size_last_edited=\u00a0\u00bbon|phone\u00a0\u00bb title_font_size_phone=\u00a0\u00bb50px\u00a0\u00bb title_font_size_tablet=\u00a0\u00bb70px\u00a0\u00bb][\/et_pb_fullwidth_header][\/et_pb_section][et_pb_section fb_built=\u00a0\u00bb1&Prime; _builder_version=\u00a0\u00bb4.20.2&Prime; _module_preset=\u00a0\u00bbdefault\u00a0\u00bb global_colors_info=\u00a0\u00bb{}\u00a0\u00bb][et_pb_row column_structure=\u00a0\u00bb1_2,1_2&Prime; _builder_version=\u00a0\u00bb4.20.2&Prime; _module_preset=\u00a0\u00bbdefault\u00a0\u00bb custom_margin=\u00a0\u00bb||||false|false\u00a0\u00bb hover_enabled=\u00a0\u00bb0&Prime; global_colors_info=\u00a0\u00bb{}\u00a0\u00bb sticky_enabled=\u00a0\u00bb0&Prime;][et_pb_column type=\u00a0\u00bb1_2&Prime; _builder_version=\u00a0\u00bb4.20.2&Prime; _module_preset=\u00a0\u00bbdefault\u00a0\u00bb global_colors_info=\u00a0\u00bb{}\u00a0\u00bb][et_pb_cta title=\u00a0\u00bbEn Groupe\u00a0\u00bb button_text=\u00a0\u00bbClics\u00a0\u00bb _builder_version=\u00a0\u00bb4.20.2&Prime; _module_preset=\u00a0\u00bbdefault\u00a0\u00bb width=\u00a0\u00bb100%\u00a0\u00bb custom_margin=\u00a0\u00bb|12px||||\u00a0\u00bb global_colors_info=\u00a0\u00bb{}\u00a0\u00bb][\/et_pb_cta][et_pb_text _builder_version=\u00a0\u00bb4.20.2&Prime; _module_preset=\u00a0\u00bbdefault\u00a0\u00bb global_colors_info=\u00a0\u00bb{}\u00a0\u00bb]<\/p>\n<p>\u00a0<span style=\"font-size: large;\"><strong>Offrir les cl\u00e9s et les outils<\/strong><\/span><\/p>\n<p><span style=\"font-size: medium;\">\u00a0&#8211; \u00a0Apprendre \u00e0 g\u00e9rer le stress et les \u00e9motions.<\/span><\/p>\n<p>(En groupe maxi 10 participants)<\/p>\n<p>&nbsp;<\/p>\n<p><span style=\"font-size: medium;\">&#8211; La Sophro -Marche en pleine nature\u00a0<\/span><\/p>\n<p>(En groupe plus important)<\/p>\n<p>&nbsp;<\/p>\n<p>[\/et_pb_text][\/et_pb_column][et_pb_column type=\u00a0\u00bb1_2&Prime; _builder_version=\u00a0\u00bb4.20.2&Prime; _module_preset=\u00a0\u00bbdefault\u00a0\u00bb global_colors_info=\u00a0\u00bb{}\u00a0\u00bb][et_pb_cta title=\u00a0\u00bbEn Individuel\u00a0\u00bb button_text=\u00a0\u00bbClics\u00a0\u00bb _builder_version=\u00a0\u00bb4.20.2&Prime; _module_preset=\u00a0\u00bbdefault\u00a0\u00bb width=\u00a0\u00bb94%\u00a0\u00bb global_colors_info=\u00a0\u00bb{}\u00a0\u00bb][\/et_pb_cta][et_pb_text _builder_version=\u00a0\u00bb4.20.2&Prime; _module_preset=\u00a0\u00bbdefault\u00a0\u00bb global_colors_info=\u00a0\u00bb{}\u00a0\u00bb]<\/p>\n<p>\u00a0<span style=\"font-size: large;\"><strong>Donner l&rsquo;occasion de traiter une probl\u00e9matique plus cibl\u00e9e.<\/strong><\/span><\/p>\n<p>Tel que :<\/p>\n<p>&#8211; les troubles du sommeil<\/p>\n<p>&#8211; les troubles musculo-squelettique<\/p>\n<p>&#8211; l&rsquo;arr\u00eat du tabac<\/p>\n<p>&#8211; le deuil<\/p>\n<p>&#8211; la prise de parole en public<\/p>\n<p>&#8211; etc&#8230;.<\/p>\n<p>&nbsp;<\/p>\n<p>[\/et_pb_text][\/et_pb_column][\/et_pb_row][et_pb_row _builder_version=\u00a0\u00bb4.20.2&Prime; _module_preset=\u00a0\u00bbdefault\u00a0\u00bb global_colors_info=\u00a0\u00bb{}\u00a0\u00bb][et_pb_column type=\u00a0\u00bb4_4&Prime; _builder_version=\u00a0\u00bb4.20.2&Prime; _module_preset=\u00a0\u00bbdefault\u00a0\u00bb global_colors_info=\u00a0\u00bb{}\u00a0\u00bb][et_pb_divider _builder_version=\u00a0\u00bb4.20.2&Prime; _module_preset=\u00a0\u00bbdefault\u00a0\u00bb global_colors_info=\u00a0\u00bb{}\u00a0\u00bb][\/et_pb_divider][\/et_pb_column][\/et_pb_row][et_pb_row column_structure=\u00a0\u00bb1_2,1_2&Prime; _builder_version=\u00a0\u00bb4.20.2&Prime; _module_preset=\u00a0\u00bbdefault\u00a0\u00bb global_colors_info=\u00a0\u00bb{}\u00a0\u00bb][et_pb_column type=\u00a0\u00bb1_2&Prime; _builder_version=\u00a0\u00bb4.20.2&Prime; _module_preset=\u00a0\u00bbdefault\u00a0\u00bb global_colors_info=\u00a0\u00bb{}\u00a0\u00bb][et_pb_text _builder_version=\u00a0\u00bb4.20.2&Prime; _module_preset=\u00a0\u00bbdefault\u00a0\u00bb global_colors_info=\u00a0\u00bb{}\u00a0\u00bb]<\/p>\n<h3><strong>L&rsquo;Avantage des s\u00e9ances de sophrologie pour votre personnel<\/strong><\/h3>\n<p>&nbsp;<\/p>\n<p>Savez-vous que le CE peut aussi prendre en charge les s\u00e9ances de vos salari\u00e9s ?<\/p>\n<p><span style=\"color: #0c71c3;\"><strong>La s\u00e9ance de\u00a0sophrologie classique<\/strong><\/span><\/p>\n<p><span style=\"color: #0c71c3;\"><strong>La s\u00e9ance de sophrologie en pleine nature\u00a0<\/strong><\/span><\/p>\n<p><strong>La Sophro-Marche<\/strong><span style=\"font-size: 14px;\"> : \u00a0<\/span>D\u00e9couvrir ses sens sous un nouvel angle.<\/p>\n<p>&nbsp;<\/p>\n<p>La sophrologie vous permet de r\u00e9pondre \u00e0 toutes les probl\u00e9matiques li\u00e9es au stress, personnel ou professionnel, de mani\u00e8re g\u00e9n\u00e9rale<\/p>\n<p>&nbsp;<\/p>\n<p>[\/et_pb_text][\/et_pb_column][et_pb_column type=\u00a0\u00bb1_2&Prime; _builder_version=\u00a0\u00bb4.20.2&Prime; _module_preset=\u00a0\u00bbdefault\u00a0\u00bb global_colors_info=\u00a0\u00bb{}\u00a0\u00bb][et_pb_text _builder_version=\u00a0\u00bb4.20.2&Prime; _module_preset=\u00a0\u00bbdefault\u00a0\u00bb global_colors_info=\u00a0\u00bb{}\u00a0\u00bb]<\/p>\n<h3><b>LA SOPHRO-MARCHE, C\u2019est quoi ? <\/b><\/h3>\n<p><b><\/b><\/p>\n<p>C&rsquo;est l&rsquo;alliance d&rsquo;une marche en \u00e9tat de pleine conscience et d&rsquo;exercices de <a href=\"https:\/\/www.topsante.com\/nutrition-et-recettes\/recettes-sante\/eminces-de-volaille-aux-courgettes-et-poivron-rouge-puree-de-pois-casses-7994\"><span>sophrologie<\/span><\/a>, le tout au milieu de la nature. Le but ? Se reconnecter avec son corps et les \u00e9l\u00e9ments qui nous entourent :<\/p>\n<p><span class=\"Apple-converted-space\">\u00a0<span class=\"Apple-tab-span\"> <\/span><\/span>\u00a0&#8211; le lien avec la nature \u00e9tant un rep\u00e8re essentiel \u00e0 notre bonne sant\u00e9.<\/p>\n<p><span class=\"Apple-tab-span\"> <\/span>&#8211; La nature offre une multitude de ressources qui nous permettent de nous recharger en \u00e9nergie et de gagner en vitalit\u00e9. \u00bb<\/p>\n<p>Autre aspect essentiel de la sophro-marche :<\/p>\n<p>vivre l&rsquo;instant pr\u00e9sent !<\/p>\n<p>Le pass\u00e9 est fait de souvenirs, le futur est imagin\u00e9 et incertain et plus on reste dans le moment pr\u00e9sent, plus on gagne en \u00e9nergie, en s\u00e9r\u00e9nit\u00e9 avec un mental apais\u00e9.<\/p>\n<p>[\/et_pb_text][\/et_pb_column][\/et_pb_row][\/et_pb_section][et_pb_section fb_built=\u00a0\u00bb1&Prime; _builder_version=\u00a0\u00bb4.20.2&Prime; _module_preset=\u00a0\u00bbdefault\u00a0\u00bb global_colors_info=\u00a0\u00bb{}\u00a0\u00bb][et_pb_row _builder_version=\u00a0\u00bb4.20.2&Prime; _module_preset=\u00a0\u00bbdefault\u00a0\u00bb global_colors_info=\u00a0\u00bb{}\u00a0\u00bb][et_pb_column type=\u00a0\u00bb4_4&Prime; _builder_version=\u00a0\u00bb4.20.2&Prime; _module_preset=\u00a0\u00bbdefault\u00a0\u00bb global_colors_info=\u00a0\u00bb{}\u00a0\u00bb][et_pb_button button_url=\u00a0\u00bb@ET-DC@eyJkeW5hbWljIjp0cnVlLCJjb250ZW50IjoicG9zdF9saW5rX3VybF9wYWdlIiwic2V0dGluZ3MiOnsicG9zdF9pZCI6IjIwIn19@\u00a0\u00bb button_text=\u00a0\u00bbPrendre Rendez-Vous\u00a0\u00bb button_alignment=\u00a0\u00bbcenter\u00a0\u00bb _builder_version=\u00a0\u00bb4.20.2&Prime; _dynamic_attributes=\u00a0\u00bbbutton_url\u00a0\u00bb _module_preset=\u00a0\u00bbdefault\u00a0\u00bb custom_button=\u00a0\u00bbon\u00a0\u00bb button_text_size=\u00a0\u00bb65px\u00a0\u00bb hover_enabled=\u00a0\u00bb0&Prime; global_colors_info=\u00a0\u00bb{}\u00a0\u00bb sticky_enabled=\u00a0\u00bb0&Prime; button_text_size_last_edited=\u00a0\u00bbon|phone\u00a0\u00bb button_text_size_phone=\u00a0\u00bb20px\u00a0\u00bb button_text_size_tablet=\u00a0\u00bb65px\u00a0\u00bb][\/et_pb_button][\/et_pb_column][\/et_pb_row][\/et_pb_section]<\/p>\n","protected":false},"excerpt":{"rendered":"<p>\u00a0Offrir les cl\u00e9s et les outils \u00a0&#8211; \u00a0Apprendre \u00e0 g\u00e9rer le stress et les \u00e9motions. (En groupe maxi 10 participants) &nbsp; &#8211; La Sophro -Marche en pleine nature\u00a0 (En groupe plus important) &nbsp;\u00a0Donner l&rsquo;occasion de traiter une probl\u00e9matique plus cibl\u00e9e. Tel que : &#8211; les troubles du sommeil &#8211; les troubles musculo-squelettique &#8211; l&rsquo;arr\u00eat du [&hellip;]<\/p>\n","protected":false},"author":1,"featured_media":0,"parent":1462,"menu_order":0,"comment_status":"closed","ping_status":"closed","template":"","meta":{"_et_pb_use_builder":"on","_et_pb_old_content":"","_et_gb_content_width":"","footnotes":""},"class_list":["post-1225","page","type-page","status-publish","hentry"],"yoast_head":"<!-- This site is optimized with the Yoast SEO plugin v27.3 - https:\/\/yoast.com\/product\/yoast-seo-wordpress\/ -->\n<title>mettre en place des s\u00e9ances de groupe dans votre entreprise\/structure - Espace Sophrologie Hypnoth\u00e9rapie &amp; Reiki Annezin Bethune<\/title>\n<meta name=\"robots\" content=\"index, follow, max-snippet:-1, max-image-preview:large, max-video-preview:-1\" \/>\n<link rel=\"canonical\" href=\"https:\/\/www.espace-sophrologie.org\/?page_id=1225\" \/>\n<meta property=\"og:locale\" content=\"fr_FR\" \/>\n<meta property=\"og:type\" content=\"article\" \/>\n<meta property=\"og:title\" content=\"mettre en place des s\u00e9ances de groupe dans votre entreprise\/structure - Espace Sophrologie Hypnoth\u00e9rapie &amp; Reiki Annezin Bethune\" \/>\n<meta property=\"og:description\" content=\"\u00a0Offrir les cl\u00e9s et les outils \u00a0- \u00a0Apprendre \u00e0 g\u00e9rer le stress et les \u00e9motions. (En groupe maxi 10 participants) &nbsp; - La Sophro -Marche en pleine nature\u00a0 (En groupe plus important) &nbsp;\u00a0Donner l&#039;occasion de traiter une probl\u00e9matique plus cibl\u00e9e. Tel que : - les troubles du sommeil - les troubles musculo-squelettique - l&#039;arr\u00eat du [&hellip;]\" \/>\n<meta property=\"og:url\" content=\"https:\/\/www.espace-sophrologie.org\/?page_id=1225\" \/>\n<meta property=\"og:site_name\" content=\"Espace Sophrologie Hypnoth\u00e9rapie &amp; Reiki Annezin Bethune\" \/>\n<meta property=\"article:publisher\" content=\"https:\/\/www.facebook.com\/SophrologieHypnotherapieCybeleFlajollet\" \/>\n<meta property=\"article:modified_time\" content=\"2025-06-05T13:44:00+00:00\" \/>\n<meta name=\"twitter:card\" content=\"summary_large_image\" \/>\n<script type=\"application\/ld+json\" class=\"yoast-schema-graph\">{\"@context\":\"https:\\\/\\\/schema.org\",\"@graph\":[{\"@type\":\"WebPage\",\"@id\":\"https:\\\/\\\/www.espace-sophrologie.org\\\/?page_id=1225\",\"url\":\"https:\\\/\\\/www.espace-sophrologie.org\\\/?page_id=1225\",\"name\":\"mettre en place des s\u00e9ances de groupe dans votre entreprise\\\/structure - Espace Sophrologie Hypnoth\u00e9rapie &amp; Reiki Annezin Bethune\",\"isPartOf\":{\"@id\":\"https:\\\/\\\/www.espace-sophrologie.org\\\/#website\"},\"datePublished\":\"2023-03-14T12:59:41+00:00\",\"dateModified\":\"2025-06-05T13:44:00+00:00\",\"breadcrumb\":{\"@id\":\"https:\\\/\\\/www.espace-sophrologie.org\\\/?page_id=1225#breadcrumb\"},\"inLanguage\":\"fr-FR\",\"potentialAction\":[{\"@type\":\"ReadAction\",\"target\":[\"https:\\\/\\\/www.espace-sophrologie.org\\\/?page_id=1225\"]}]},{\"@type\":\"BreadcrumbList\",\"@id\":\"https:\\\/\\\/www.espace-sophrologie.org\\\/?page_id=1225#breadcrumb\",\"itemListElement\":[{\"@type\":\"ListItem\",\"position\":1,\"name\":\"Accueil\",\"item\":\"https:\\\/\\\/www.espace-sophrologie.org\\\/\"},{\"@type\":\"ListItem\",\"position\":2,\"name\":\"Consultations individuelles\",\"item\":\"https:\\\/\\\/www.espace-sophrologie.org\\\/?page_id=1158\"},{\"@type\":\"ListItem\",\"position\":3,\"name\":\"sophrologue \u00e0 Annezin\",\"item\":\"https:\\\/\\\/www.espace-sophrologie.org\\\/?page_id=1462\"},{\"@type\":\"ListItem\",\"position\":4,\"name\":\"mettre en place des s\u00e9ances de groupe dans votre entreprise\\\/structure\"}]},{\"@type\":\"WebSite\",\"@id\":\"https:\\\/\\\/www.espace-sophrologie.org\\\/#website\",\"url\":\"https:\\\/\\\/www.espace-sophrologie.org\\\/\",\"name\":\"Espace Sophrologie Re\u00efki et Hypnoth\u00e9rapie Lillers\",\"description\":\"Retrouvez une s\u00e9r\u00e9nit\u00e9 int\u00e9rieure de fa\u00e7on durable\",\"publisher\":{\"@id\":\"https:\\\/\\\/www.espace-sophrologie.org\\\/#\\\/schema\\\/person\\\/b46e9b4035cb420e895dd04fe6a3868a\"},\"potentialAction\":[{\"@type\":\"SearchAction\",\"target\":{\"@type\":\"EntryPoint\",\"urlTemplate\":\"https:\\\/\\\/www.espace-sophrologie.org\\\/?s={search_term_string}\"},\"query-input\":{\"@type\":\"PropertyValueSpecification\",\"valueRequired\":true,\"valueName\":\"search_term_string\"}}],\"inLanguage\":\"fr-FR\"},{\"@type\":[\"Person\",\"Organization\"],\"@id\":\"https:\\\/\\\/www.espace-sophrologie.org\\\/#\\\/schema\\\/person\\\/b46e9b4035cb420e895dd04fe6a3868a\",\"name\":\"Cyb\u00e8le\",\"image\":{\"@type\":\"ImageObject\",\"inLanguage\":\"fr-FR\",\"@id\":\"https:\\\/\\\/secure.gravatar.com\\\/avatar\\\/8285c3113cdab605c1638656a22af4c9e3228f6d01d018d28667382f01cd85ab?s=96&d=mm&r=g\",\"url\":\"https:\\\/\\\/secure.gravatar.com\\\/avatar\\\/8285c3113cdab605c1638656a22af4c9e3228f6d01d018d28667382f01cd85ab?s=96&d=mm&r=g\",\"contentUrl\":\"https:\\\/\\\/secure.gravatar.com\\\/avatar\\\/8285c3113cdab605c1638656a22af4c9e3228f6d01d018d28667382f01cd85ab?s=96&d=mm&r=g\",\"caption\":\"Cyb\u00e8le\"},\"logo\":{\"@id\":\"https:\\\/\\\/secure.gravatar.com\\\/avatar\\\/8285c3113cdab605c1638656a22af4c9e3228f6d01d018d28667382f01cd85ab?s=96&d=mm&r=g\"},\"sameAs\":[\"http:\\\/\\\/www.espace-sophrologie.org\",\"https:\\\/\\\/www.facebook.com\\\/SophrologieHypnotherapieCybeleFlajollet\"]}]}<\/script>\n<!-- \/ Yoast SEO plugin. -->","yoast_head_json":{"title":"mettre en place des s\u00e9ances de groupe dans votre entreprise\/structure - Espace Sophrologie Hypnoth\u00e9rapie &amp; Reiki Annezin Bethune","robots":{"index":"index","follow":"follow","max-snippet":"max-snippet:-1","max-image-preview":"max-image-preview:large","max-video-preview":"max-video-preview:-1"},"canonical":"https:\/\/www.espace-sophrologie.org\/?page_id=1225","og_locale":"fr_FR","og_type":"article","og_title":"mettre en place des s\u00e9ances de groupe dans votre entreprise\/structure - Espace Sophrologie Hypnoth\u00e9rapie &amp; Reiki Annezin Bethune","og_description":"\u00a0Offrir les cl\u00e9s et les outils \u00a0- \u00a0Apprendre \u00e0 g\u00e9rer le stress et les \u00e9motions. (En groupe maxi 10 participants) &nbsp; - La Sophro -Marche en pleine nature\u00a0 (En groupe plus important) &nbsp;\u00a0Donner l'occasion de traiter une probl\u00e9matique plus cibl\u00e9e. Tel que : - les troubles du sommeil - les troubles musculo-squelettique - l'arr\u00eat du [&hellip;]","og_url":"https:\/\/www.espace-sophrologie.org\/?page_id=1225","og_site_name":"Espace Sophrologie Hypnoth\u00e9rapie &amp; Reiki Annezin Bethune","article_publisher":"https:\/\/www.facebook.com\/SophrologieHypnotherapieCybeleFlajollet","article_modified_time":"2025-06-05T13:44:00+00:00","twitter_card":"summary_large_image","schema":{"@context":"https:\/\/schema.org","@graph":[{"@type":"WebPage","@id":"https:\/\/www.espace-sophrologie.org\/?page_id=1225","url":"https:\/\/www.espace-sophrologie.org\/?page_id=1225","name":"mettre en place des s\u00e9ances de groupe dans votre entreprise\/structure - Espace Sophrologie Hypnoth\u00e9rapie &amp; Reiki Annezin Bethune","isPartOf":{"@id":"https:\/\/www.espace-sophrologie.org\/#website"},"datePublished":"2023-03-14T12:59:41+00:00","dateModified":"2025-06-05T13:44:00+00:00","breadcrumb":{"@id":"https:\/\/www.espace-sophrologie.org\/?page_id=1225#breadcrumb"},"inLanguage":"fr-FR","potentialAction":[{"@type":"ReadAction","target":["https:\/\/www.espace-sophrologie.org\/?page_id=1225"]}]},{"@type":"BreadcrumbList","@id":"https:\/\/www.espace-sophrologie.org\/?page_id=1225#breadcrumb","itemListElement":[{"@type":"ListItem","position":1,"name":"Accueil","item":"https:\/\/www.espace-sophrologie.org\/"},{"@type":"ListItem","position":2,"name":"Consultations individuelles","item":"https:\/\/www.espace-sophrologie.org\/?page_id=1158"},{"@type":"ListItem","position":3,"name":"sophrologue \u00e0 Annezin","item":"https:\/\/www.espace-sophrologie.org\/?page_id=1462"},{"@type":"ListItem","position":4,"name":"mettre en place des s\u00e9ances de groupe dans votre entreprise\/structure"}]},{"@type":"WebSite","@id":"https:\/\/www.espace-sophrologie.org\/#website","url":"https:\/\/www.espace-sophrologie.org\/","name":"Espace Sophrologie Re\u00efki et Hypnoth\u00e9rapie Lillers","description":"Retrouvez une s\u00e9r\u00e9nit\u00e9 int\u00e9rieure de fa\u00e7on durable","publisher":{"@id":"https:\/\/www.espace-sophrologie.org\/#\/schema\/person\/b46e9b4035cb420e895dd04fe6a3868a"},"potentialAction":[{"@type":"SearchAction","target":{"@type":"EntryPoint","urlTemplate":"https:\/\/www.espace-sophrologie.org\/?s={search_term_string}"},"query-input":{"@type":"PropertyValueSpecification","valueRequired":true,"valueName":"search_term_string"}}],"inLanguage":"fr-FR"},{"@type":["Person","Organization"],"@id":"https:\/\/www.espace-sophrologie.org\/#\/schema\/person\/b46e9b4035cb420e895dd04fe6a3868a","name":"Cyb\u00e8le","image":{"@type":"ImageObject","inLanguage":"fr-FR","@id":"https:\/\/secure.gravatar.com\/avatar\/8285c3113cdab605c1638656a22af4c9e3228f6d01d018d28667382f01cd85ab?s=96&d=mm&r=g","url":"https:\/\/secure.gravatar.com\/avatar\/8285c3113cdab605c1638656a22af4c9e3228f6d01d018d28667382f01cd85ab?s=96&d=mm&r=g","contentUrl":"https:\/\/secure.gravatar.com\/avatar\/8285c3113cdab605c1638656a22af4c9e3228f6d01d018d28667382f01cd85ab?s=96&d=mm&r=g","caption":"Cyb\u00e8le"},"logo":{"@id":"https:\/\/secure.gravatar.com\/avatar\/8285c3113cdab605c1638656a22af4c9e3228f6d01d018d28667382f01cd85ab?s=96&d=mm&r=g"},"sameAs":["http:\/\/www.espace-sophrologie.org","https:\/\/www.facebook.com\/SophrologieHypnotherapieCybeleFlajollet"]}]}},"_links":{"self":[{"href":"https:\/\/www.espace-sophrologie.org\/index.php?rest_route=\/wp\/v2\/pages\/1225","targetHints":{"allow":["GET"]}}],"collection":[{"href":"https:\/\/www.espace-sophrologie.org\/index.php?rest_route=\/wp\/v2\/pages"}],"about":[{"href":"https:\/\/www.espace-sophrologie.org\/index.php?rest_route=\/wp\/v2\/types\/page"}],"author":[{"embeddable":true,"href":"https:\/\/www.espace-sophrologie.org\/index.php?rest_route=\/wp\/v2\/users\/1"}],"replies":[{"embeddable":true,"href":"https:\/\/www.espace-sophrologie.org\/index.php?rest_route=%2Fwp%2Fv2%2Fcomments&post=1225"}],"version-history":[{"count":16,"href":"https:\/\/www.espace-sophrologie.org\/index.php?rest_route=\/wp\/v2\/pages\/1225\/revisions"}],"predecessor-version":[{"id":1389,"href":"https:\/\/www.espace-sophrologie.org\/index.php?rest_route=\/wp\/v2\/pages\/1225\/revisions\/1389"}],"up":[{"embeddable":true,"href":"https:\/\/www.espace-sophrologie.org\/index.php?rest_route=\/wp\/v2\/pages\/1462"}],"wp:attachment":[{"href":"https:\/\/www.espace-sophrologie.org\/index.php?rest_route=%2Fwp%2Fv2%2Fmedia&parent=1225"}],"curies":[{"name":"wp","href":"https:\/\/api.w.org\/{rel}","templated":true}]}}