{"id":1304,"date":"2023-03-26T16:45:58","date_gmt":"2023-03-26T15:45:58","guid":{"rendered":"http:\/\/www.espace-sophrologie.org\/?page_id=1304"},"modified":"2023-03-30T13:04:17","modified_gmt":"2023-03-30T12:04:17","slug":"1304-2","status":"publish","type":"page","link":"https:\/\/www.espace-sophrologie.org\/?page_id=1304","title":{"rendered":"R\u00e9gression dans les vies ant\u00e9rieures"},"content":{"rendered":"<p>[et_pb_section fb_built=\u00a0\u00bb1&Prime; _builder_version=\u00a0\u00bb4.20.2&Prime; _module_preset=\u00a0\u00bbdefault\u00a0\u00bb global_colors_info=\u00a0\u00bb{}\u00a0\u00bb][et_pb_row _builder_version=\u00a0\u00bb4.20.2&Prime; _module_preset=\u00a0\u00bbdefault\u00a0\u00bb column_structure=\u00a0\u00bb1_3,1_3,1_3&Prime;][et_pb_column _builder_version=\u00a0\u00bb4.20.2&Prime; _module_preset=\u00a0\u00bbdefault\u00a0\u00bb type=\u00a0\u00bb1_3&Prime;][et_pb_image src=\u00a0\u00bbhttps:\/\/www.espace-sophrologie.org\/wp-content\/uploads\/2023\/03\/pexels-marta-wave-6453929-1-200&#215;300.jpg\u00a0\u00bb title_text=\u00a0\u00bbpexels-marta-wave-6453929&Prime; _builder_version=\u00a0\u00bb4.20.2&Prime; _module_preset=\u00a0\u00bbdefault\u00a0\u00bb custom_margin=\u00a0\u00bb|2px||||\u00a0\u00bb custom_padding=\u00a0\u00bb|0px|3px|0px||\u00a0\u00bb hover_enabled=\u00a0\u00bb0&Prime; global_colors_info=\u00a0\u00bb{}\u00a0\u00bb align=\u00a0\u00bbcenter\u00a0\u00bb sticky_enabled=\u00a0\u00bb0&Prime; border_radii=\u00a0\u00bbon|50%|50%|50%|50%\u00a0\u00bb force_fullwidth=\u00a0\u00bbon\u00a0\u00bb transform_scale=\u00a0\u00bb130%|130%\u00a0\u00bb transform_translate=\u00a0\u00bb117px|22px\u00a0\u00bb transform_translate_linked=\u00a0\u00bboff\u00a0\u00bb filter_contrast=\u00a0\u00bb117%\u00a0\u00bb][\/et_pb_image][\/et_pb_column][et_pb_column _builder_version=\u00a0\u00bb4.20.2&Prime; _module_preset=\u00a0\u00bbdefault\u00a0\u00bb type=\u00a0\u00bb1_3&Prime;][et_pb_text _builder_version=\u00a0\u00bb4.20.2&Prime; _module_preset=\u00a0\u00bbdefault\u00a0\u00bb hover_enabled=\u00a0\u00bb0&Prime; sticky_enabled=\u00a0\u00bb0&Prime;]<\/p>\n<h3><span>R\u00e9gression dans les vies ant\u00e9rieures<\/span><\/h3>\n<p><span>Pourquoi pas vous ???<\/span><\/p>\n<p><span>Vous avez des questions rest\u00e9es sans r\u00e9ponses sur des blocages, des peurs, des obstacles qui vous limitent dans votre vie d\u2019aujourd\u2019hui. <\/span><br \/><span><\/span><\/p>\n<p><span>G<\/span><span>r\u00e2ce \u00e0 l\u2019hypnose r\u00e9gressive sur les vies ant\u00e9rieures vous pouvez d\u00e9bloquer des situations ou avoir des cl\u00e9s de compr\u00e9hension importantes.<\/span><br \/><span>Vous souhaitez tenter l\u2019aventure de vos vies ant\u00e9rieures cela \u00e0 pour viser d&rsquo;am\u00e9liorer et de d\u00e9passer des sch\u00e9mas limitants dans cette propre existence.<\/span><\/p>\n<div class=\"et-pb-draggable-spacing et-pb-draggable-spacing__sizing et-pb-draggable-spacing__height et-pb-draggable-spacing__bottom et-pb-draggable-spacing--animated\"><\/div>\n<p>Prevoir plusieurs s\u00e9ances car cela fait l&rsquo;objet d&rsquo;une r\u00e9elle transformation au quotidien sur notre propre compr\u00e9hension et nos interactions.\u00a0<span><\/span><\/p>\n<p>La r\u00e9gression n&rsquo;est pas une simple curiosit\u00e9 je vous accompagne dans ce processus dans la bienveillance et l&rsquo;\u00e9closion de ce qui a besoin d&rsquo;\u00eatre d\u00e9couvert.<\/p>\n<p>[\/et_pb_text][\/et_pb_column][et_pb_column _builder_version=\u00a0\u00bb4.20.2&Prime; _module_preset=\u00a0\u00bbdefault\u00a0\u00bb type=\u00a0\u00bb1_3&Prime;][et_pb_image src=\u00a0\u00bbhttps:\/\/www.espace-sophrologie.org\/wp-content\/uploads\/2023\/03\/pexels-andrey-grushnikov-707676-221&#215;300.jpg\u00a0\u00bb title_text=\u00a0\u00bbpexels-andrey-grushnikov-707676&Prime; _builder_version=\u00a0\u00bb4.20.2&Prime; _module_preset=\u00a0\u00bbdefault\u00a0\u00bb custom_margin=\u00a0\u00bb|-4px||||\u00a0\u00bb custom_padding=\u00a0\u00bb|||0px||\u00a0\u00bb hover_enabled=\u00a0\u00bb0&Prime; global_colors_info=\u00a0\u00bb{}\u00a0\u00bb border_radii=\u00a0\u00bbon|100%|100%|100%|100%\u00a0\u00bb sticky_enabled=\u00a0\u00bb0&Prime; align=\u00a0\u00bbcenter\u00a0\u00bb force_fullwidth=\u00a0\u00bbon\u00a0\u00bb][\/et_pb_image][\/et_pb_column][\/et_pb_row][\/et_pb_section]<\/p>\n","protected":false},"excerpt":{"rendered":"<p>R\u00e9gression dans les vies ant\u00e9rieures Pourquoi pas vous ??? Vous avez des questions rest\u00e9es sans r\u00e9ponses sur des blocages, des peurs, des obstacles qui vous limitent dans votre vie d\u2019aujourd\u2019hui. Gr\u00e2ce \u00e0 l\u2019hypnose r\u00e9gressive sur les vies ant\u00e9rieures vous pouvez d\u00e9bloquer des situations ou avoir des cl\u00e9s de compr\u00e9hension importantes.Vous souhaitez tenter l\u2019aventure de vos [&hellip;]<\/p>\n","protected":false},"author":1,"featured_media":0,"parent":0,"menu_order":0,"comment_status":"closed","ping_status":"closed","template":"","meta":{"_et_pb_use_builder":"on","_et_pb_old_content":"","_et_gb_content_width":"","footnotes":""},"class_list":["post-1304","page","type-page","status-publish","hentry"],"yoast_head":"<!-- This site is optimized with the Yoast SEO plugin v27.4 - https:\/\/yoast.com\/product\/yoast-seo-wordpress\/ -->\n<title>R\u00e9gression dans les vies ant\u00e9rieures - Espace Sophrologie Hypnoth\u00e9rapie &amp; Reiki Annezin Bethune<\/title>\n<meta name=\"robots\" content=\"index, follow, max-snippet:-1, max-image-preview:large, max-video-preview:-1\" \/>\n<link rel=\"canonical\" href=\"https:\/\/www.espace-sophrologie.org\/?page_id=1304\" \/>\n<meta property=\"og:locale\" content=\"fr_FR\" \/>\n<meta property=\"og:type\" content=\"article\" \/>\n<meta property=\"og:title\" content=\"R\u00e9gression dans les vies ant\u00e9rieures - Espace Sophrologie Hypnoth\u00e9rapie &amp; Reiki Annezin Bethune\" \/>\n<meta property=\"og:description\" content=\"R\u00e9gression dans les vies ant\u00e9rieures Pourquoi pas vous ??? Vous avez des questions rest\u00e9es sans r\u00e9ponses sur des blocages, des peurs, des obstacles qui vous limitent dans votre vie d\u2019aujourd\u2019hui. Gr\u00e2ce \u00e0 l\u2019hypnose r\u00e9gressive sur les vies ant\u00e9rieures vous pouvez d\u00e9bloquer des situations ou avoir des cl\u00e9s de compr\u00e9hension importantes.Vous souhaitez tenter l\u2019aventure de vos [&hellip;]\" \/>\n<meta property=\"og:url\" content=\"https:\/\/www.espace-sophrologie.org\/?page_id=1304\" \/>\n<meta property=\"og:site_name\" content=\"Espace Sophrologie Hypnoth\u00e9rapie &amp; Reiki Annezin Bethune\" \/>\n<meta property=\"article:publisher\" content=\"https:\/\/www.facebook.com\/SophrologieHypnotherapieCybeleFlajollet\" \/>\n<meta property=\"article:modified_time\" content=\"2023-03-30T12:04:17+00:00\" \/>\n<meta name=\"twitter:card\" content=\"summary_large_image\" \/>\n<meta name=\"twitter:label1\" content=\"Dur\u00e9e de lecture estim\u00e9e\" \/>\n\t<meta name=\"twitter:data1\" content=\"1 minute\" \/>\n<script type=\"application\/ld+json\" class=\"yoast-schema-graph\">{\"@context\":\"https:\\\/\\\/schema.org\",\"@graph\":[{\"@type\":\"WebPage\",\"@id\":\"https:\\\/\\\/www.espace-sophrologie.org\\\/?page_id=1304\",\"url\":\"https:\\\/\\\/www.espace-sophrologie.org\\\/?page_id=1304\",\"name\":\"R\u00e9gression dans les vies ant\u00e9rieures - Espace Sophrologie Hypnoth\u00e9rapie &amp; Reiki Annezin Bethune\",\"isPartOf\":{\"@id\":\"https:\\\/\\\/www.espace-sophrologie.org\\\/#website\"},\"datePublished\":\"2023-03-26T15:45:58+00:00\",\"dateModified\":\"2023-03-30T12:04:17+00:00\",\"breadcrumb\":{\"@id\":\"https:\\\/\\\/www.espace-sophrologie.org\\\/?page_id=1304#breadcrumb\"},\"inLanguage\":\"fr-FR\",\"potentialAction\":[{\"@type\":\"ReadAction\",\"target\":[\"https:\\\/\\\/www.espace-sophrologie.org\\\/?page_id=1304\"]}]},{\"@type\":\"BreadcrumbList\",\"@id\":\"https:\\\/\\\/www.espace-sophrologie.org\\\/?page_id=1304#breadcrumb\",\"itemListElement\":[{\"@type\":\"ListItem\",\"position\":1,\"name\":\"Accueil\",\"item\":\"https:\\\/\\\/www.espace-sophrologie.org\\\/\"},{\"@type\":\"ListItem\",\"position\":2,\"name\":\"R\u00e9gression dans les vies ant\u00e9rieures\"}]},{\"@type\":\"WebSite\",\"@id\":\"https:\\\/\\\/www.espace-sophrologie.org\\\/#website\",\"url\":\"https:\\\/\\\/www.espace-sophrologie.org\\\/\",\"name\":\"Espace Sophrologie Re\u00efki et Hypnoth\u00e9rapie Lillers\",\"description\":\"Retrouvez une s\u00e9r\u00e9nit\u00e9 int\u00e9rieure de fa\u00e7on durable\",\"publisher\":{\"@id\":\"https:\\\/\\\/www.espace-sophrologie.org\\\/#\\\/schema\\\/person\\\/b46e9b4035cb420e895dd04fe6a3868a\"},\"potentialAction\":[{\"@type\":\"SearchAction\",\"target\":{\"@type\":\"EntryPoint\",\"urlTemplate\":\"https:\\\/\\\/www.espace-sophrologie.org\\\/?s={search_term_string}\"},\"query-input\":{\"@type\":\"PropertyValueSpecification\",\"valueRequired\":true,\"valueName\":\"search_term_string\"}}],\"inLanguage\":\"fr-FR\"},{\"@type\":[\"Person\",\"Organization\"],\"@id\":\"https:\\\/\\\/www.espace-sophrologie.org\\\/#\\\/schema\\\/person\\\/b46e9b4035cb420e895dd04fe6a3868a\",\"name\":\"Cyb\u00e8le\",\"image\":{\"@type\":\"ImageObject\",\"inLanguage\":\"fr-FR\",\"@id\":\"https:\\\/\\\/secure.gravatar.com\\\/avatar\\\/8285c3113cdab605c1638656a22af4c9e3228f6d01d018d28667382f01cd85ab?s=96&d=mm&r=g\",\"url\":\"https:\\\/\\\/secure.gravatar.com\\\/avatar\\\/8285c3113cdab605c1638656a22af4c9e3228f6d01d018d28667382f01cd85ab?s=96&d=mm&r=g\",\"contentUrl\":\"https:\\\/\\\/secure.gravatar.com\\\/avatar\\\/8285c3113cdab605c1638656a22af4c9e3228f6d01d018d28667382f01cd85ab?s=96&d=mm&r=g\",\"caption\":\"Cyb\u00e8le\"},\"logo\":{\"@id\":\"https:\\\/\\\/secure.gravatar.com\\\/avatar\\\/8285c3113cdab605c1638656a22af4c9e3228f6d01d018d28667382f01cd85ab?s=96&d=mm&r=g\"},\"sameAs\":[\"http:\\\/\\\/www.espace-sophrologie.org\",\"https:\\\/\\\/www.facebook.com\\\/SophrologieHypnotherapieCybeleFlajollet\"]}]}<\/script>\n<!-- \/ Yoast SEO plugin. -->","yoast_head_json":{"title":"R\u00e9gression dans les vies ant\u00e9rieures - Espace Sophrologie Hypnoth\u00e9rapie &amp; Reiki Annezin Bethune","robots":{"index":"index","follow":"follow","max-snippet":"max-snippet:-1","max-image-preview":"max-image-preview:large","max-video-preview":"max-video-preview:-1"},"canonical":"https:\/\/www.espace-sophrologie.org\/?page_id=1304","og_locale":"fr_FR","og_type":"article","og_title":"R\u00e9gression dans les vies ant\u00e9rieures - Espace Sophrologie Hypnoth\u00e9rapie &amp; Reiki Annezin Bethune","og_description":"R\u00e9gression dans les vies ant\u00e9rieures Pourquoi pas vous ??? Vous avez des questions rest\u00e9es sans r\u00e9ponses sur des blocages, des peurs, des obstacles qui vous limitent dans votre vie d\u2019aujourd\u2019hui. Gr\u00e2ce \u00e0 l\u2019hypnose r\u00e9gressive sur les vies ant\u00e9rieures vous pouvez d\u00e9bloquer des situations ou avoir des cl\u00e9s de compr\u00e9hension importantes.Vous souhaitez tenter l\u2019aventure de vos [&hellip;]","og_url":"https:\/\/www.espace-sophrologie.org\/?page_id=1304","og_site_name":"Espace Sophrologie Hypnoth\u00e9rapie &amp; Reiki Annezin Bethune","article_publisher":"https:\/\/www.facebook.com\/SophrologieHypnotherapieCybeleFlajollet","article_modified_time":"2023-03-30T12:04:17+00:00","twitter_card":"summary_large_image","twitter_misc":{"Dur\u00e9e de lecture estim\u00e9e":"1 minute"},"schema":{"@context":"https:\/\/schema.org","@graph":[{"@type":"WebPage","@id":"https:\/\/www.espace-sophrologie.org\/?page_id=1304","url":"https:\/\/www.espace-sophrologie.org\/?page_id=1304","name":"R\u00e9gression dans les vies ant\u00e9rieures - Espace Sophrologie Hypnoth\u00e9rapie &amp; Reiki Annezin Bethune","isPartOf":{"@id":"https:\/\/www.espace-sophrologie.org\/#website"},"datePublished":"2023-03-26T15:45:58+00:00","dateModified":"2023-03-30T12:04:17+00:00","breadcrumb":{"@id":"https:\/\/www.espace-sophrologie.org\/?page_id=1304#breadcrumb"},"inLanguage":"fr-FR","potentialAction":[{"@type":"ReadAction","target":["https:\/\/www.espace-sophrologie.org\/?page_id=1304"]}]},{"@type":"BreadcrumbList","@id":"https:\/\/www.espace-sophrologie.org\/?page_id=1304#breadcrumb","itemListElement":[{"@type":"ListItem","position":1,"name":"Accueil","item":"https:\/\/www.espace-sophrologie.org\/"},{"@type":"ListItem","position":2,"name":"R\u00e9gression dans les vies ant\u00e9rieures"}]},{"@type":"WebSite","@id":"https:\/\/www.espace-sophrologie.org\/#website","url":"https:\/\/www.espace-sophrologie.org\/","name":"Espace Sophrologie Re\u00efki et Hypnoth\u00e9rapie Lillers","description":"Retrouvez une s\u00e9r\u00e9nit\u00e9 int\u00e9rieure de fa\u00e7on durable","publisher":{"@id":"https:\/\/www.espace-sophrologie.org\/#\/schema\/person\/b46e9b4035cb420e895dd04fe6a3868a"},"potentialAction":[{"@type":"SearchAction","target":{"@type":"EntryPoint","urlTemplate":"https:\/\/www.espace-sophrologie.org\/?s={search_term_string}"},"query-input":{"@type":"PropertyValueSpecification","valueRequired":true,"valueName":"search_term_string"}}],"inLanguage":"fr-FR"},{"@type":["Person","Organization"],"@id":"https:\/\/www.espace-sophrologie.org\/#\/schema\/person\/b46e9b4035cb420e895dd04fe6a3868a","name":"Cyb\u00e8le","image":{"@type":"ImageObject","inLanguage":"fr-FR","@id":"https:\/\/secure.gravatar.com\/avatar\/8285c3113cdab605c1638656a22af4c9e3228f6d01d018d28667382f01cd85ab?s=96&d=mm&r=g","url":"https:\/\/secure.gravatar.com\/avatar\/8285c3113cdab605c1638656a22af4c9e3228f6d01d018d28667382f01cd85ab?s=96&d=mm&r=g","contentUrl":"https:\/\/secure.gravatar.com\/avatar\/8285c3113cdab605c1638656a22af4c9e3228f6d01d018d28667382f01cd85ab?s=96&d=mm&r=g","caption":"Cyb\u00e8le"},"logo":{"@id":"https:\/\/secure.gravatar.com\/avatar\/8285c3113cdab605c1638656a22af4c9e3228f6d01d018d28667382f01cd85ab?s=96&d=mm&r=g"},"sameAs":["http:\/\/www.espace-sophrologie.org","https:\/\/www.facebook.com\/SophrologieHypnotherapieCybeleFlajollet"]}]}},"_links":{"self":[{"href":"https:\/\/www.espace-sophrologie.org\/index.php?rest_route=\/wp\/v2\/pages\/1304","targetHints":{"allow":["GET"]}}],"collection":[{"href":"https:\/\/www.espace-sophrologie.org\/index.php?rest_route=\/wp\/v2\/pages"}],"about":[{"href":"https:\/\/www.espace-sophrologie.org\/index.php?rest_route=\/wp\/v2\/types\/page"}],"author":[{"embeddable":true,"href":"https:\/\/www.espace-sophrologie.org\/index.php?rest_route=\/wp\/v2\/users\/1"}],"replies":[{"embeddable":true,"href":"https:\/\/www.espace-sophrologie.org\/index.php?rest_route=%2Fwp%2Fv2%2Fcomments&post=1304"}],"version-history":[{"count":6,"href":"https:\/\/www.espace-sophrologie.org\/index.php?rest_route=\/wp\/v2\/pages\/1304\/revisions"}],"predecessor-version":[{"id":1334,"href":"https:\/\/www.espace-sophrologie.org\/index.php?rest_route=\/wp\/v2\/pages\/1304\/revisions\/1334"}],"wp:attachment":[{"href":"https:\/\/www.espace-sophrologie.org\/index.php?rest_route=%2Fwp%2Fv2%2Fmedia&parent=1304"}],"curies":[{"name":"wp","href":"https:\/\/api.w.org\/{rel}","templated":true}]}}