{"id":138,"date":"2015-06-16T16:26:56","date_gmt":"2015-06-16T15:26:56","guid":{"rendered":"http:\/\/cdesign-web.com\/espace-sophrologie-et-hypnotherapie\/?page_id=138"},"modified":"2025-06-05T14:45:04","modified_gmt":"2025-06-05T13:45:04","slug":"hypnose","status":"publish","type":"page","link":"https:\/\/www.espace-sophrologie.org\/?page_id=138","title":{"rendered":"Hypnose"},"content":{"rendered":"[et_pb_section fb_built=\u00a0\u00bb1&Prime; admin_label=\u00a0\u00bbsection\u00a0\u00bb _builder_version=\u00a0\u00bb4.16&Prime; global_colors_info=\u00a0\u00bb{}\u00a0\u00bb][et_pb_row admin_label=\u00a0\u00bbrow\u00a0\u00bb _builder_version=\u00a0\u00bb4.16&Prime; background_size=\u00a0\u00bbinitial\u00a0\u00bb background_position=\u00a0\u00bbtop_left\u00a0\u00bb background_repeat=\u00a0\u00bbrepeat\u00a0\u00bb global_colors_info=\u00a0\u00bb{}\u00a0\u00bb][et_pb_column type=\u00a0\u00bb4_4&Prime; _builder_version=\u00a0\u00bb4.16&Prime; custom_padding=\u00a0\u00bb|||\u00a0\u00bb global_colors_info=\u00a0\u00bb{}\u00a0\u00bb custom_padding__hover=\u00a0\u00bb|||\u00a0\u00bb][et_pb_text admin_label=\u00a0\u00bbText\u00a0\u00bb _builder_version=\u00a0\u00bb4.16&Prime; background_size=\u00a0\u00bbinitial\u00a0\u00bb background_position=\u00a0\u00bbtop_left\u00a0\u00bb background_repeat=\u00a0\u00bbrepeat\u00a0\u00bb global_colors_info=\u00a0\u00bb{}\u00a0\u00bb]<p><\/p>\n<h2 class=\"wp-block-heading\"><mark style=\"background-color: rgba(0, 0, 0, 0); color: #003366;\" class=\"has-inline-color\">Avec des effets rapides, Am\u00e9liorer votre sant\u00e9 physique et psychique.<\/mark><\/h2>\n<p><\/p>\n<p><\/p>\n<p><\/p>\n<p><\/p>\n<p>Les \u00e9motions li\u00e9es \u00e0 des \u00e9v\u00e8nements ou souvenirs peuvent \u00e9merger et sont retrait\u00e9es pour un soulagement psychique ou physique.<\/p>\n<p><\/p>\n<p><\/p>\n<h4 class=\"wp-block-heading\"><strong><mark style=\"background-color: rgba(0, 0, 0, 0); color: #003366;\" class=\"has-inline-color\">L\u2019\u00e9tat Hypnotique, pour d\u00e9clencher le processus de changement.<\/mark><\/strong><\/h4>\n<p class=\"is-layout-flow wp-block-group-is-layout-flow\"><\/p>\n<div class=\"wp-block-group alignwide\"><\/div>\n<p><\/p>\n<div class=\"wp-block-columns is-layout-flex wp-container-core-columns-is-layout-9d6595d7 wp-block-columns-is-layout-flex\">\n<p><\/p>\n<div class=\"wp-block-column is-layout-flow wp-block-column-is-layout-flow\">\n<p><\/p>\n<p>L\u2019hypnose est un outil th\u00e9rapeutique qui induit un \u00e9tat de conscience proche du sommeil permettant un acc\u00e8s \u00e0 l\u2019inconscient. C\u2019est une th\u00e9rapie br\u00e8ve aux r\u00e9els effets. Pratiqu\u00e9e dans le cadre de s\u00e9ances individuelles d\u2019une heure. R\u00e9v\u00e9ler et activer les ressources inou\u00efes, enfouies au plus profond de vous.<\/p>\n<p><\/p>\n<p><\/p>\n<p><\/p>\n<p><\/p>\n<p><\/p>\n<h4><mark style=\"background-color: rgba(0, 0, 0, 0); color: #003366;\" class=\"has-inline-color\"><strong>L\u2019hypnose permet, en particulier de:<\/strong><\/mark><\/h4>\n<p><mark style=\"background-color: rgba(0, 0, 0, 0); color: #003366;\" class=\"has-inline-color\"><strong><\/strong><\/mark><\/p>\n<ul>\n<ul>\n<li><strong><span style=\"color: #003366;\" class=\"has-inline-color\">Mieux g\u00e9rer la douleur<\/span><\/strong><\/li>\n<li><strong style=\"font-size: 14px;\"><span style=\"color: #003366;\" class=\"has-inline-color\">Combattre les addictions (tabac, nourriture\u2026<\/span><\/strong><\/li>\n<li><strong style=\"font-size: 14px;\"><span style=\"color: #003366;\" class=\"has-inline-color\">Accompagner un traitement m\u00e9dical (dentiste, intervention chirurgicale<\/span><\/strong><\/li>\n<li><strong style=\"font-size: 14px;\"><span style=\"color: #003366;\" class=\"has-inline-color\">Soulager un deuil<\/span><\/strong><\/li>\n<li><strong style=\"font-size: 14px;\"><span style=\"color: #003366;\" class=\"has-inline-color\">Am\u00e9liorer le sommeil<\/span><\/strong><\/li>\n<\/ul>\n<\/ul>\n<p><\/p>\n<p><\/p>\n<\/div>\n<p><!-- \/wp:post-content --><\/p>\n<p><!-- wp:column --><\/p>\n<div class=\"wp-block-column\">\n<p><!-- wp:image {\"id\":827,\"sizeSlug\":\"large\"} --><\/p>\n<figure class=\"wp-block-image size-large\"><img loading=\"lazy\" decoding=\"async\" width=\"1024\" height=\"1024\" src=\"https:\/\/www.espace-sophrologie.org\/wp-content\/uploads\/2020\/11\/Foto-1024x1024.png\" alt=\"La complexit\u00e9 de la conscience humaine. L'inconscient qui nous gouverne d'ou l'importance de l'hypnose pour mieux le comprendre et agir sur les limites et les blocages.\" class=\"wp-image-827\" srcset=\"https:\/\/www.espace-sophrologie.org\/wp-content\/uploads\/2020\/11\/Foto-1024x1024.png 1024w, https:\/\/www.espace-sophrologie.org\/wp-content\/uploads\/2020\/11\/Foto-300x300.png 300w, https:\/\/www.espace-sophrologie.org\/wp-content\/uploads\/2020\/11\/Foto-150x150.png 150w, https:\/\/www.espace-sophrologie.org\/wp-content\/uploads\/2020\/11\/Foto-768x768.png 768w, https:\/\/www.espace-sophrologie.org\/wp-content\/uploads\/2020\/11\/Foto-80x80.png 80w, https:\/\/www.espace-sophrologie.org\/wp-content\/uploads\/2020\/11\/Foto-118x118.png 118w, https:\/\/www.espace-sophrologie.org\/wp-content\/uploads\/2020\/11\/Foto-239x239.png 239w, https:\/\/www.espace-sophrologie.org\/wp-content\/uploads\/2020\/11\/Foto.png 1280w\" sizes=\"auto, (max-width: 1024px) 100vw, 1024px\" \/><\/figure>\n<p><!-- \/wp:image --><\/p>\n<\/div>\n<p><!-- \/wp:column --><\/p>\n<\/div>\n<p><!-- \/wp:columns --><\/p>\n<p><!-- wp:paragraph --><\/p>\n<p><!-- \/wp:paragraph --><\/p>[\/et_pb_text][\/et_pb_column][\/et_pb_row][\/et_pb_section]","protected":false},"excerpt":{"rendered":"<p>Avec des effets rapides, Am\u00e9liorer votre sant\u00e9 physique et psychique. Les \u00e9motions li\u00e9es \u00e0 des \u00e9v\u00e8nements ou souvenirs peuvent \u00e9merger et sont retrait\u00e9es pour un soulagement psychique ou physique. L\u2019\u00e9tat Hypnotique, pour d\u00e9clencher le processus de changement. L\u2019hypnose est un outil th\u00e9rapeutique qui induit un \u00e9tat de conscience proche du sommeil permettant un acc\u00e8s \u00e0 [&hellip;]<\/p>\n","protected":false},"author":1,"featured_media":0,"parent":1158,"menu_order":8,"comment_status":"closed","ping_status":"closed","template":"","meta":{"_et_pb_use_builder":"on","_et_pb_old_content":"<!-- wp:heading -->\n<h2><mark style=\"background-color:rgba(0, 0, 0, 0);color:#003366\" class=\"has-inline-color\">Avec des effets rapides, Am\u00e9liorer votre sant\u00e9 physique et psychique.<\/mark><\/h2>\n<!-- \/wp:heading -->\n\n<!-- wp:paragraph -->\n<p><\/p>\n<!-- \/wp:paragraph -->\n\n<!-- wp:paragraph -->\n<p>Les \u00e9motions li\u00e9es \u00e0 des \u00e9v\u00e8nements ou souvenirs peuvent \u00e9merger et sont retrait\u00e9es pour un soulagement psychique ou physique.<\/p>\n<!-- \/wp:paragraph -->\n\n<!-- wp:heading {\"level\":4} -->\n<h4><strong><mark style=\"background-color:rgba(0, 0, 0, 0);color:#003366\" class=\"has-inline-color\">[dropcaps round=\"yes\"]L[\/dropcaps]\u2019\u00e9tat Hypnotique,  pour d\u00e9clencher le processus de changement.<\/mark><\/strong><\/h4>\n<!-- \/wp:heading -->\n\n<!-- wp:group {\"align\":\"wide\"} -->\n<div class=\"wp-block-group alignwide\"><\/div>\n<!-- \/wp:group -->\n\n<!-- wp:columns -->\n<div class=\"wp-block-columns\"><!-- wp:column -->\n<div class=\"wp-block-column\"><!-- wp:paragraph -->\n<p>L\u2019hypnose est un outil th\u00e9rapeutique qui induit un \u00e9tat de conscience proche du sommeil permettant un acc\u00e8s \u00e0 l\u2019inconscient. C\u2019est une th\u00e9rapie br\u00e8ve aux r\u00e9els effets. Pratiqu\u00e9e dans le cadre de s\u00e9ances individuelles d\u2019une heure.  R\u00e9v\u00e9ler et activer les ressources inou\u00efes, enfouies au plus profond de vous. <\/p>\n<!-- \/wp:paragraph -->\n\n<!-- wp:paragraph -->\n<p><\/p>\n<!-- \/wp:paragraph -->\n\n<!-- wp:paragraph -->\n<p><\/p>\n<!-- \/wp:paragraph -->\n\n<!-- wp:heading {\"level\":4} -->\n<h4><mark style=\"background-color:rgba(0, 0, 0, 0);color:#003366\" class=\"has-inline-color\"><strong>[dropcaps round=\"yes\"]L[\/dropcaps]\u2019hypnose permet, en particulier de:<\/strong><\/mark><\/h4>\n<!-- \/wp:heading -->\n\n<!-- wp:list -->\n<ul><!-- wp:list-item -->\n<li><strong><span style=\"color:#003366\" class=\"has-inline-color\">Mieux g\u00e9rer la douleur<\/span><\/strong><\/li>\n<!-- \/wp:list-item -->\n\n<!-- wp:list-item -->\n<li><strong><span style=\"color:#003366\" class=\"has-inline-color\">Combattre les addictions (tabac, nourriture\u2026)<\/span><\/strong><\/li>\n<!-- \/wp:list-item -->\n\n<!-- wp:list-item -->\n<li><strong><span style=\"color:#003366\" class=\"has-inline-color\">Accompagner un traitement m\u00e9dical (dentiste,  intervention chirurgicale       <\/span><\/strong><\/li>\n<!-- \/wp:list-item -->\n\n<!-- wp:list-item -->\n<li><strong><span style=\"color:#003366\" class=\"has-inline-color\"> Soulager un deuil<\/span><\/strong><\/li>\n<!-- \/wp:list-item -->\n\n<!-- wp:list-item -->\n<li><strong><span style=\"color:#003366\" class=\"has-inline-color\">Am\u00e9liorer le sommeil<\/span><\/strong><\/li>\n<!-- \/wp:list-item --><\/ul>\n<!-- \/wp:list --><\/div>\n<!-- \/wp:column -->\n\n<!-- wp:column -->\n<div class=\"wp-block-column\"><!-- wp:image {\"id\":827,\"sizeSlug\":\"large\"} -->\n<figure class=\"wp-block-image size-large\"><img src=\"http:\/\/www.espace-sophrologie.org\/wp-content\/uploads\/2020\/11\/Foto-1024x1024.png\" alt=\"La complexit\u00e9 de la conscience humaine. L'inconscient qui nous gouverne d'ou l'importance de l'hypnose pour mieux le comprendre et agir sur les limites et les blocages.\" class=\"wp-image-827\"\/><\/figure>\n<!-- \/wp:image --><\/div>\n<!-- \/wp:column --><\/div>\n<!-- \/wp:columns -->\n\n<!-- wp:paragraph -->\n<p><\/p>\n<!-- \/wp:paragraph -->","_et_gb_content_width":"","footnotes":""},"class_list":["post-138","page","type-page","status-publish","hentry"],"yoast_head":"<!-- This site is optimized with the Yoast SEO plugin v27.4 - https:\/\/yoast.com\/product\/yoast-seo-wordpress\/ -->\n<title>Hypnose et \u00e9tat hypnotique vous aide a l\u00e2cher prise.<\/title>\n<meta name=\"description\" content=\"Gr\u00e2ce \u00e0 l&#039;hypnose, votre \u00e9tat hypnotique guid\u00e9 par le sophrologue vous permettra de mieux d\u00e9buter votre voyage du l\u00e2cher prise.\" \/>\n<meta name=\"robots\" content=\"index, follow, max-snippet:-1, max-image-preview:large, max-video-preview:-1\" \/>\n<link rel=\"canonical\" href=\"https:\/\/www.espace-sophrologie.org\/?page_id=138\" \/>\n<meta property=\"og:locale\" content=\"fr_FR\" \/>\n<meta property=\"og:type\" content=\"article\" \/>\n<meta property=\"og:title\" content=\"Hypnose et \u00e9tat hypnotique vous aide a l\u00e2cher prise.\" \/>\n<meta property=\"og:description\" content=\"Gr\u00e2ce \u00e0 l&#039;hypnose, votre \u00e9tat hypnotique guid\u00e9 par le sophrologue vous permettra de mieux d\u00e9buter votre voyage du l\u00e2cher prise.\" \/>\n<meta property=\"og:url\" content=\"https:\/\/www.espace-sophrologie.org\/?page_id=138\" \/>\n<meta property=\"og:site_name\" content=\"Espace Sophrologie Hypnoth\u00e9rapie &amp; Reiki Annezin Bethune\" \/>\n<meta property=\"article:publisher\" content=\"https:\/\/www.facebook.com\/SophrologieHypnotherapieCybeleFlajollet\" \/>\n<meta property=\"article:modified_time\" content=\"2025-06-05T13:45:04+00:00\" \/>\n<meta property=\"og:image\" content=\"http:\/\/www.espace-sophrologie.org\/wp-content\/uploads\/2020\/11\/Foto-1024x1024.png\" \/>\n<meta name=\"twitter:card\" content=\"summary_large_image\" \/>\n<meta name=\"twitter:label1\" content=\"Dur\u00e9e de lecture estim\u00e9e\" \/>\n\t<meta name=\"twitter:data1\" content=\"1 minute\" \/>\n<script type=\"application\/ld+json\" class=\"yoast-schema-graph\">{\"@context\":\"https:\\\/\\\/schema.org\",\"@graph\":[{\"@type\":\"WebPage\",\"@id\":\"https:\\\/\\\/www.espace-sophrologie.org\\\/?page_id=138\",\"url\":\"https:\\\/\\\/www.espace-sophrologie.org\\\/?page_id=138\",\"name\":\"Hypnose et \u00e9tat hypnotique vous aide a l\u00e2cher prise.\",\"isPartOf\":{\"@id\":\"https:\\\/\\\/www.espace-sophrologie.org\\\/#website\"},\"primaryImageOfPage\":{\"@id\":\"https:\\\/\\\/www.espace-sophrologie.org\\\/?page_id=138#primaryimage\"},\"image\":{\"@id\":\"https:\\\/\\\/www.espace-sophrologie.org\\\/?page_id=138#primaryimage\"},\"thumbnailUrl\":\"http:\\\/\\\/www.espace-sophrologie.org\\\/wp-content\\\/uploads\\\/2020\\\/11\\\/Foto-1024x1024.png\",\"datePublished\":\"2015-06-16T15:26:56+00:00\",\"dateModified\":\"2025-06-05T13:45:04+00:00\",\"description\":\"Gr\u00e2ce \u00e0 l'hypnose, votre \u00e9tat hypnotique guid\u00e9 par le sophrologue vous permettra de mieux d\u00e9buter votre voyage du l\u00e2cher prise.\",\"breadcrumb\":{\"@id\":\"https:\\\/\\\/www.espace-sophrologie.org\\\/?page_id=138#breadcrumb\"},\"inLanguage\":\"fr-FR\",\"potentialAction\":[{\"@type\":\"ReadAction\",\"target\":[\"https:\\\/\\\/www.espace-sophrologie.org\\\/?page_id=138\"]}]},{\"@type\":\"ImageObject\",\"inLanguage\":\"fr-FR\",\"@id\":\"https:\\\/\\\/www.espace-sophrologie.org\\\/?page_id=138#primaryimage\",\"url\":\"http:\\\/\\\/www.espace-sophrologie.org\\\/wp-content\\\/uploads\\\/2020\\\/11\\\/Foto-1024x1024.png\",\"contentUrl\":\"http:\\\/\\\/www.espace-sophrologie.org\\\/wp-content\\\/uploads\\\/2020\\\/11\\\/Foto-1024x1024.png\"},{\"@type\":\"BreadcrumbList\",\"@id\":\"https:\\\/\\\/www.espace-sophrologie.org\\\/?page_id=138#breadcrumb\",\"itemListElement\":[{\"@type\":\"ListItem\",\"position\":1,\"name\":\"Accueil\",\"item\":\"https:\\\/\\\/www.espace-sophrologie.org\\\/\"},{\"@type\":\"ListItem\",\"position\":2,\"name\":\"Consultations individuelles\",\"item\":\"https:\\\/\\\/www.espace-sophrologie.org\\\/?page_id=1158\"},{\"@type\":\"ListItem\",\"position\":3,\"name\":\"Hypnose\"}]},{\"@type\":\"WebSite\",\"@id\":\"https:\\\/\\\/www.espace-sophrologie.org\\\/#website\",\"url\":\"https:\\\/\\\/www.espace-sophrologie.org\\\/\",\"name\":\"Espace Sophrologie Re\u00efki et Hypnoth\u00e9rapie Lillers\",\"description\":\"Retrouvez une s\u00e9r\u00e9nit\u00e9 int\u00e9rieure de fa\u00e7on durable\",\"publisher\":{\"@id\":\"https:\\\/\\\/www.espace-sophrologie.org\\\/#\\\/schema\\\/person\\\/b46e9b4035cb420e895dd04fe6a3868a\"},\"potentialAction\":[{\"@type\":\"SearchAction\",\"target\":{\"@type\":\"EntryPoint\",\"urlTemplate\":\"https:\\\/\\\/www.espace-sophrologie.org\\\/?s={search_term_string}\"},\"query-input\":{\"@type\":\"PropertyValueSpecification\",\"valueRequired\":true,\"valueName\":\"search_term_string\"}}],\"inLanguage\":\"fr-FR\"},{\"@type\":[\"Person\",\"Organization\"],\"@id\":\"https:\\\/\\\/www.espace-sophrologie.org\\\/#\\\/schema\\\/person\\\/b46e9b4035cb420e895dd04fe6a3868a\",\"name\":\"Cyb\u00e8le\",\"image\":{\"@type\":\"ImageObject\",\"inLanguage\":\"fr-FR\",\"@id\":\"https:\\\/\\\/secure.gravatar.com\\\/avatar\\\/8285c3113cdab605c1638656a22af4c9e3228f6d01d018d28667382f01cd85ab?s=96&d=mm&r=g\",\"url\":\"https:\\\/\\\/secure.gravatar.com\\\/avatar\\\/8285c3113cdab605c1638656a22af4c9e3228f6d01d018d28667382f01cd85ab?s=96&d=mm&r=g\",\"contentUrl\":\"https:\\\/\\\/secure.gravatar.com\\\/avatar\\\/8285c3113cdab605c1638656a22af4c9e3228f6d01d018d28667382f01cd85ab?s=96&d=mm&r=g\",\"caption\":\"Cyb\u00e8le\"},\"logo\":{\"@id\":\"https:\\\/\\\/secure.gravatar.com\\\/avatar\\\/8285c3113cdab605c1638656a22af4c9e3228f6d01d018d28667382f01cd85ab?s=96&d=mm&r=g\"},\"sameAs\":[\"http:\\\/\\\/www.espace-sophrologie.org\",\"https:\\\/\\\/www.facebook.com\\\/SophrologieHypnotherapieCybeleFlajollet\"]}]}<\/script>\n<!-- \/ Yoast SEO plugin. -->","yoast_head_json":{"title":"Hypnose et \u00e9tat hypnotique vous aide a l\u00e2cher prise.","description":"Gr\u00e2ce \u00e0 l'hypnose, votre \u00e9tat hypnotique guid\u00e9 par le sophrologue vous permettra de mieux d\u00e9buter votre voyage du l\u00e2cher prise.","robots":{"index":"index","follow":"follow","max-snippet":"max-snippet:-1","max-image-preview":"max-image-preview:large","max-video-preview":"max-video-preview:-1"},"canonical":"https:\/\/www.espace-sophrologie.org\/?page_id=138","og_locale":"fr_FR","og_type":"article","og_title":"Hypnose et \u00e9tat hypnotique vous aide a l\u00e2cher prise.","og_description":"Gr\u00e2ce \u00e0 l'hypnose, votre \u00e9tat hypnotique guid\u00e9 par le sophrologue vous permettra de mieux d\u00e9buter votre voyage du l\u00e2cher prise.","og_url":"https:\/\/www.espace-sophrologie.org\/?page_id=138","og_site_name":"Espace Sophrologie Hypnoth\u00e9rapie &amp; Reiki Annezin Bethune","article_publisher":"https:\/\/www.facebook.com\/SophrologieHypnotherapieCybeleFlajollet","article_modified_time":"2025-06-05T13:45:04+00:00","og_image":[{"url":"http:\/\/www.espace-sophrologie.org\/wp-content\/uploads\/2020\/11\/Foto-1024x1024.png","type":"","width":"","height":""}],"twitter_card":"summary_large_image","twitter_misc":{"Dur\u00e9e de lecture estim\u00e9e":"1 minute"},"schema":{"@context":"https:\/\/schema.org","@graph":[{"@type":"WebPage","@id":"https:\/\/www.espace-sophrologie.org\/?page_id=138","url":"https:\/\/www.espace-sophrologie.org\/?page_id=138","name":"Hypnose et \u00e9tat hypnotique vous aide a l\u00e2cher prise.","isPartOf":{"@id":"https:\/\/www.espace-sophrologie.org\/#website"},"primaryImageOfPage":{"@id":"https:\/\/www.espace-sophrologie.org\/?page_id=138#primaryimage"},"image":{"@id":"https:\/\/www.espace-sophrologie.org\/?page_id=138#primaryimage"},"thumbnailUrl":"http:\/\/www.espace-sophrologie.org\/wp-content\/uploads\/2020\/11\/Foto-1024x1024.png","datePublished":"2015-06-16T15:26:56+00:00","dateModified":"2025-06-05T13:45:04+00:00","description":"Gr\u00e2ce \u00e0 l'hypnose, votre \u00e9tat hypnotique guid\u00e9 par le sophrologue vous permettra de mieux d\u00e9buter votre voyage du l\u00e2cher prise.","breadcrumb":{"@id":"https:\/\/www.espace-sophrologie.org\/?page_id=138#breadcrumb"},"inLanguage":"fr-FR","potentialAction":[{"@type":"ReadAction","target":["https:\/\/www.espace-sophrologie.org\/?page_id=138"]}]},{"@type":"ImageObject","inLanguage":"fr-FR","@id":"https:\/\/www.espace-sophrologie.org\/?page_id=138#primaryimage","url":"http:\/\/www.espace-sophrologie.org\/wp-content\/uploads\/2020\/11\/Foto-1024x1024.png","contentUrl":"http:\/\/www.espace-sophrologie.org\/wp-content\/uploads\/2020\/11\/Foto-1024x1024.png"},{"@type":"BreadcrumbList","@id":"https:\/\/www.espace-sophrologie.org\/?page_id=138#breadcrumb","itemListElement":[{"@type":"ListItem","position":1,"name":"Accueil","item":"https:\/\/www.espace-sophrologie.org\/"},{"@type":"ListItem","position":2,"name":"Consultations individuelles","item":"https:\/\/www.espace-sophrologie.org\/?page_id=1158"},{"@type":"ListItem","position":3,"name":"Hypnose"}]},{"@type":"WebSite","@id":"https:\/\/www.espace-sophrologie.org\/#website","url":"https:\/\/www.espace-sophrologie.org\/","name":"Espace Sophrologie Re\u00efki et Hypnoth\u00e9rapie Lillers","description":"Retrouvez une s\u00e9r\u00e9nit\u00e9 int\u00e9rieure de fa\u00e7on durable","publisher":{"@id":"https:\/\/www.espace-sophrologie.org\/#\/schema\/person\/b46e9b4035cb420e895dd04fe6a3868a"},"potentialAction":[{"@type":"SearchAction","target":{"@type":"EntryPoint","urlTemplate":"https:\/\/www.espace-sophrologie.org\/?s={search_term_string}"},"query-input":{"@type":"PropertyValueSpecification","valueRequired":true,"valueName":"search_term_string"}}],"inLanguage":"fr-FR"},{"@type":["Person","Organization"],"@id":"https:\/\/www.espace-sophrologie.org\/#\/schema\/person\/b46e9b4035cb420e895dd04fe6a3868a","name":"Cyb\u00e8le","image":{"@type":"ImageObject","inLanguage":"fr-FR","@id":"https:\/\/secure.gravatar.com\/avatar\/8285c3113cdab605c1638656a22af4c9e3228f6d01d018d28667382f01cd85ab?s=96&d=mm&r=g","url":"https:\/\/secure.gravatar.com\/avatar\/8285c3113cdab605c1638656a22af4c9e3228f6d01d018d28667382f01cd85ab?s=96&d=mm&r=g","contentUrl":"https:\/\/secure.gravatar.com\/avatar\/8285c3113cdab605c1638656a22af4c9e3228f6d01d018d28667382f01cd85ab?s=96&d=mm&r=g","caption":"Cyb\u00e8le"},"logo":{"@id":"https:\/\/secure.gravatar.com\/avatar\/8285c3113cdab605c1638656a22af4c9e3228f6d01d018d28667382f01cd85ab?s=96&d=mm&r=g"},"sameAs":["http:\/\/www.espace-sophrologie.org","https:\/\/www.facebook.com\/SophrologieHypnotherapieCybeleFlajollet"]}]}},"_links":{"self":[{"href":"https:\/\/www.espace-sophrologie.org\/index.php?rest_route=\/wp\/v2\/pages\/138","targetHints":{"allow":["GET"]}}],"collection":[{"href":"https:\/\/www.espace-sophrologie.org\/index.php?rest_route=\/wp\/v2\/pages"}],"about":[{"href":"https:\/\/www.espace-sophrologie.org\/index.php?rest_route=\/wp\/v2\/types\/page"}],"author":[{"embeddable":true,"href":"https:\/\/www.espace-sophrologie.org\/index.php?rest_route=\/wp\/v2\/users\/1"}],"replies":[{"embeddable":true,"href":"https:\/\/www.espace-sophrologie.org\/index.php?rest_route=%2Fwp%2Fv2%2Fcomments&post=138"}],"version-history":[{"count":51,"href":"https:\/\/www.espace-sophrologie.org\/index.php?rest_route=\/wp\/v2\/pages\/138\/revisions"}],"predecessor-version":[{"id":1069,"href":"https:\/\/www.espace-sophrologie.org\/index.php?rest_route=\/wp\/v2\/pages\/138\/revisions\/1069"}],"up":[{"embeddable":true,"href":"https:\/\/www.espace-sophrologie.org\/index.php?rest_route=\/wp\/v2\/pages\/1158"}],"wp:attachment":[{"href":"https:\/\/www.espace-sophrologie.org\/index.php?rest_route=%2Fwp%2Fv2%2Fmedia&parent=138"}],"curies":[{"name":"wp","href":"https:\/\/api.w.org\/{rel}","templated":true}]}}