{"id":139,"date":"2015-06-16T16:27:10","date_gmt":"2015-06-16T15:27:10","guid":{"rendered":"http:\/\/cdesign-web.com\/espace-sophrologie-et-hypnotherapie\/?page_id=139"},"modified":"2025-06-05T14:44:40","modified_gmt":"2025-06-05T13:44:40","slug":"reiki","status":"publish","type":"page","link":"https:\/\/www.espace-sophrologie.org\/?page_id=139","title":{"rendered":"Le Re\u00efki"},"content":{"rendered":"[et_pb_section fb_built=\u00a0\u00bb1&Prime; _builder_version=\u00a0\u00bb4.20.2&Prime; _module_preset=\u00a0\u00bbdefault\u00a0\u00bb global_colors_info=\u00a0\u00bb{}\u00a0\u00bb][et_pb_row _builder_version=\u00a0\u00bb4.20.2&Prime; _module_preset=\u00a0\u00bbdefault\u00a0\u00bb global_colors_info=\u00a0\u00bb{}\u00a0\u00bb column_structure=\u00a0\u00bb1_2,1_2&Prime;][et_pb_column type=\u00a0\u00bb1_2&Prime; _builder_version=\u00a0\u00bb4.20.2&Prime; _module_preset=\u00a0\u00bbdefault\u00a0\u00bb global_colors_info=\u00a0\u00bb{}\u00a0\u00bb][et_pb_text _builder_version=\u00a0\u00bb4.20.2&Prime; _module_preset=\u00a0\u00bbdefault\u00a0\u00bb hover_enabled=\u00a0\u00bb0&Prime; global_colors_info=\u00a0\u00bb{}\u00a0\u00bb sticky_enabled=\u00a0\u00bb0&Prime;]<p><\/p>\n<div class=\"wp-block-columns\">\n<div class=\"wp-block-column\">\n<h2 class=\"wp-block-heading\"><strong>Quel que soit votre \u00e9tat, le re\u00efki peut quelque chose pour vous.<\/strong><\/h2>\n<p> <\/p>\n<div class=\"wp-block-columns is-layout-flex wp-container-core-columns-is-layout-9d6595d7 wp-block-columns-is-layout-flex\">\n<p><\/p>\n<div class=\"wp-block-column is-layout-flow wp-block-column-is-layout-flow\">\n<p><\/p>\n<p>&nbsp;<\/p>\n<p> <\/p>\n<blockquote class=\"wp-block-quote is-layout-flow wp-block-quote-is-layout-flow\">\n<p><\/p>\n<p><em>Le Reiki\u00a0<\/em>\u970a\u6c17 est une m\u00e9thode\u00a0\u00e9nerg\u00e9tique d\u2019origine japonaise.<\/p>\n<p><\/p>\n<\/blockquote>\n<p> <\/p>\n<p>&nbsp;<\/p>\n<p>&nbsp;<\/p>\n<p> <\/p>\n<p><em>Il est compos\u00e9 des id\u00e9ogrammes\u00a0Rei\u00a0<\/em>\u970a<em>, pouvant se traduire par universel et\u00a0Ki\u00a0<\/em>\u6c17<em> signifiant\u00a0\u00e9nergie vitale. Le Reiki\u00a0serait l\u2019\u00e9nergie universelle de vie. Le re\u00efki agit sur la globalit\u00e9 de votre \u00eatre, sur les plans physique, mental et \u00e9motionnel.<\/em><\/p>\n<p> <\/p>\n<p>Le Reiki USUI est une m\u00e9thode de soins naturels qui consiste \u00e0 harmoniser l&rsquo;Energie Vitale, les chakras, par apposition des mains. L&rsquo;Energie Vitale stimule nos capacit\u00e9s inn\u00e9es d\u2019auto-r\u00e9gulation.<\/p>\n<p> <\/p>\n<p>L\u2019\u00e9nergie vitale du Reiki se transmet par apposition des mains du praticien sur le corps v\u00eatu et allong\u00e9 du receveur, ce qui permet\u00a0tr\u00e8s g\u00e9n\u00e9ralement de ressentir une d\u00e9tente, un bien-\u00eatre et une relaxation physique et mentale.<\/p>\n<\/div>\n<\/div>\n<\/div>\n<\/div>\n<blockquote class=\"wp-block-quote\">\n<p><\/p>\n<\/blockquote>\n<p><\/p>[\/et_pb_text][\/et_pb_column][et_pb_column type=\u00a0\u00bb1_2&Prime; _builder_version=\u00a0\u00bb4.20.2&Prime; _module_preset=\u00a0\u00bbdefault\u00a0\u00bb global_colors_info=\u00a0\u00bb{}\u00a0\u00bb][et_pb_image src=\u00a0\u00bbhttps:\/\/www.espace-sophrologie.org\/wp-content\/uploads\/2020\/11\/mu-scaled.jpg\u00a0\u00bb _builder_version=\u00a0\u00bb4.20.2&Prime; _module_preset=\u00a0\u00bbdefault\u00a0\u00bb title_text=\u00a0\u00bbmu\u00a0\u00bb hover_enabled=\u00a0\u00bb0&Prime; sticky_enabled=\u00a0\u00bb0&Prime;][\/et_pb_image][\/et_pb_column][\/et_pb_row][et_pb_row _builder_version=\u00a0\u00bb4.20.2&Prime; _module_preset=\u00a0\u00bbdefault\u00a0\u00bb column_structure=\u00a0\u00bb1_2,1_2&Prime;][et_pb_column _builder_version=\u00a0\u00bb4.20.2&Prime; _module_preset=\u00a0\u00bbdefault\u00a0\u00bb type=\u00a0\u00bb1_2&Prime;][et_pb_image src=\u00a0\u00bbhttps:\/\/www.espace-sophrologie.org\/wp-content\/uploads\/2020\/11\/hol-scaled.jpg\u00a0\u00bb _builder_version=\u00a0\u00bb4.20.2&Prime; _module_preset=\u00a0\u00bbdefault\u00a0\u00bb title_text=\u00a0\u00bbhol\u00a0\u00bb hover_enabled=\u00a0\u00bb0&Prime; sticky_enabled=\u00a0\u00bb0&Prime;][\/et_pb_image][\/et_pb_column][et_pb_column _builder_version=\u00a0\u00bb4.20.2&Prime; _module_preset=\u00a0\u00bbdefault\u00a0\u00bb type=\u00a0\u00bb1_2&Prime;][et_pb_text _builder_version=\u00a0\u00bb4.20.2&Prime; _module_preset=\u00a0\u00bbdefault\u00a0\u00bb hover_enabled=\u00a0\u00bb0&Prime; sticky_enabled=\u00a0\u00bb0&Prime;]<div class=\"wp-block-columns\">\n<div class=\"wp-block-column\">\n<h2 class=\"wp-block-heading\">Les Bienfaits<\/h2>\n<p> <\/p>\n<div aria-hidden=\"true\" class=\"wp-block-spacer\"><\/div>\n<p> <\/p>\n<blockquote class=\"wp-block-quote is-layout-flow wp-block-quote-is-layout-flow\">\n<p><\/p>\n<p>Le Reiki est une technique mais \u00e9galement un chemin d\u2019accomplissement\u00a0 personnel qui nous aide \u00e0 grandir et \u00e0 vivre en harmonie avec le monde qui nous entoure.<\/p>\n<p><\/p>\n<\/blockquote>\n<p> <\/p>\n<p>\u00a0 Les effets lors d\u2019un traitement Reiki peuvent \u00eatre per\u00e7us comme\u00a0une chaleur \u00a0 \u00a0 \u00a0d\u00e9contractante, une\u00a0profonde relaxation,\u00a0une sensation de r\u00e9confort.\u00a0<\/p>\n<p> <\/p>\n<p>Le Reiki permettra dans la plupart des cas :<\/p>\n<p> <\/p>\n<p>L&rsquo;apaisement des douleurs et le r\u00e9tablissement de la vitalit\u00e9<\/p>\n<p> <\/p>\n<p>Accompagner les maladies chroniques et soulager les effets secondaires des m\u00e9dicaments dont la chimioth\u00e9rapie<\/p>\n<p> <\/p>\n<p>La stimulation du syst\u00e8me immunitaire et des fonctions organiques<\/p>\n<p> <\/p>\n<p>Ressentir notre paix int\u00e9rieure<\/p>\n<p> <\/p>\n<p>&nbsp;<\/p>\n<p> <\/p>\n<p><strong><span class=\"has-inline-color\">(Le Reiki ne remplace pas un traitement m\u00e9dical.\u00a0Aucun diagnostic ne pourrait \u00eatre \u00e9tabli. Il peut cependant \u00eatre compl\u00e9mentaire \u00e0 toute forme de th\u00e9rapie.)<\/span><\/strong><\/p>\n<p><\/p>\n<\/div>\n<p><!-- \/wp:post-content --><\/p>\n<\/div>\n<p>&nbsp;<\/p>[\/et_pb_text][\/et_pb_column][\/et_pb_row][\/et_pb_section]","protected":false},"excerpt":{"rendered":"<p>Quel que soit votre \u00e9tat, le re\u00efki peut quelque chose pour vous. &nbsp; Le Reiki\u00a0\u970a\u6c17 est une m\u00e9thode\u00a0\u00e9nerg\u00e9tique d\u2019origine japonaise. &nbsp; &nbsp; Il est compos\u00e9 des id\u00e9ogrammes\u00a0Rei\u00a0\u970a, pouvant se traduire par universel et\u00a0Ki\u00a0\u6c17 signifiant\u00a0\u00e9nergie vitale. Le Reiki\u00a0serait l\u2019\u00e9nergie universelle de vie. Le re\u00efki agit sur la globalit\u00e9 de votre \u00eatre, sur les plans physique, mental [&hellip;]<\/p>\n","protected":false},"author":1,"featured_media":0,"parent":1152,"menu_order":2,"comment_status":"closed","ping_status":"closed","template":"","meta":{"_et_pb_use_builder":"on","_et_pb_old_content":"<!-- wp:heading -->\n<h2><strong><mark style=\"background-color:rgba(0, 0, 0, 0);color:#003366\" class=\"has-inline-color\">Quel que soit votre \u00e9tat, le re\u00efki peut quelque chose pour vous.<\/mark><\/strong><\/h2>\n<!-- \/wp:heading -->\n\n<!-- wp:columns -->\n<div class=\"wp-block-columns\"><!-- wp:column -->\n<div class=\"wp-block-column\"><!-- wp:spacer {\"height\":\"36px\"} -->\n<div style=\"height:36px\" aria-hidden=\"true\" class=\"wp-block-spacer\"><\/div>\n<!-- \/wp:spacer -->\n\n<!-- wp:paragraph -->\n<p><\/p>\n<!-- \/wp:paragraph -->\n\n<!-- wp:quote -->\n<blockquote class=\"wp-block-quote\"><!-- wp:paragraph -->\n<p><mark style=\"background-color:rgba(0, 0, 0, 0);color:#003366\" class=\"has-inline-color\"><em>Le Reiki\u00a0<\/em>\u970a\u6c17 est une m\u00e9thode\u00a0\u00e9nerg\u00e9tique d\u2019origine japonaise.<\/mark><\/p>\n<!-- \/wp:paragraph --><\/blockquote>\n<!-- \/wp:quote -->\n\n<!-- wp:paragraph -->\n<p><\/p>\n<!-- \/wp:paragraph -->\n\n<!-- wp:paragraph -->\n<p><\/p>\n<!-- \/wp:paragraph -->\n\n<!-- wp:paragraph -->\n<p><em>Il est compos\u00e9 des id\u00e9ogrammes\u00a0Rei\u00a0<\/em>\u970a<em>, pouvant se traduire par universel et\u00a0Ki\u00a0<\/em>\u6c17<em> signifiant\u00a0\u00e9nergie vitale. Le Reiki\u00a0serait l\u2019\u00e9nergie universelle de vie. Le re\u00efki agit sur la globalit\u00e9 de votre \u00eatre, sur les plans physique, mental et \u00e9motionnel.<\/em><\/p>\n<!-- \/wp:paragraph -->\n\n<!-- wp:paragraph -->\n<p><\/p>\n<!-- \/wp:paragraph -->\n\n<!-- wp:paragraph -->\n<p>[dropcaps round=\"yes\"]L[\/dropcaps]e Reiki USUI est une m\u00e9thode de soins naturels qui consiste \u00e0 harmoniser l'Energie Vitale, les chakras, par apposition des mains. L'Energie Vitale stimule nos capacit\u00e9s inn\u00e9es d\u2019auto-r\u00e9gulation. <\/p>\n<!-- \/wp:paragraph -->\n\n<!-- wp:paragraph -->\n<p>L\u2019\u00e9nergie vitale du Reiki se transmet par apposition des mains du praticien sur le corps v\u00eatu et allong\u00e9 du receveur, ce qui permet&nbsp;tr\u00e8s g\u00e9n\u00e9ralement de ressentir une d\u00e9tente, un bien-\u00eatre et une relaxation physique et mentale.<\/p>\n<!-- \/wp:paragraph -->\n\n<!-- wp:paragraph -->\n<p> <\/p>\n<!-- \/wp:paragraph -->\n\n<!-- wp:paragraph -->\n<p><\/p>\n<!-- \/wp:paragraph --><\/div>\n<!-- \/wp:column -->\n\n<!-- wp:column -->\n<div class=\"wp-block-column\"><!-- wp:spacer {\"height\":\"36px\"} -->\n<div style=\"height:36px\" aria-hidden=\"true\" class=\"wp-block-spacer\"><\/div>\n<!-- \/wp:spacer -->\n\n<!-- wp:image {\"id\":817,\"sizeSlug\":\"large\"} -->\n<figure class=\"wp-block-image size-large\"><img src=\"http:\/\/www.espace-sophrologie.org\/wp-content\/uploads\/2020\/11\/mu-683x1024.jpg\" alt=\"\" class=\"wp-image-817\"\/><\/figure>\n<!-- \/wp:image --><\/div>\n<!-- \/wp:column --><\/div>\n<!-- \/wp:columns -->\n\n<!-- wp:spacer {\"height\":\"80px\"} -->\n<div style=\"height:80px\" aria-hidden=\"true\" class=\"wp-block-spacer\"><\/div>\n<!-- \/wp:spacer -->\n\n<!-- wp:columns -->\n<div class=\"wp-block-columns\"><!-- wp:column -->\n<div class=\"wp-block-column\"><!-- wp:image {\"id\":627,\"sizeSlug\":\"large\"} -->\n<figure class=\"wp-block-image size-large\"><img src=\"http:\/\/www.espace-sophrologie.org\/wp-content\/uploads\/2020\/11\/hol-768x1024.jpg\" alt=\"\" class=\"wp-image-627\"\/><\/figure>\n<!-- \/wp:image --><\/div>\n<!-- \/wp:column -->\n\n<!-- wp:column -->\n<div class=\"wp-block-column\"><!-- wp:heading -->\n<h2><mark style=\"background-color:rgba(0, 0, 0, 0);color:#003366\" class=\"has-inline-color\">Les Bienfaits<\/mark><\/h2>\n<!-- \/wp:heading -->\n\n<!-- wp:spacer {\"height\":\"29px\"} -->\n<div style=\"height:29px\" aria-hidden=\"true\" class=\"wp-block-spacer\"><\/div>\n<!-- \/wp:spacer -->\n\n<!-- wp:quote -->\n<blockquote class=\"wp-block-quote\"><!-- wp:paragraph -->\n<p><mark style=\"background-color:rgba(0, 0, 0, 0);color:#003366\" class=\"has-inline-color\">Le Reiki est une technique mais \u00e9galement un chemin d\u2019accomplissement\u00a0 personnel qui nous aide \u00e0 grandir et \u00e0 vivre en harmonie avec le monde qui nous entoure.<\/mark><\/p>\n<!-- \/wp:paragraph --><\/blockquote>\n<!-- \/wp:quote -->\n\n<!-- wp:paragraph -->\n<p>Les effets lors d\u2019un traitement Reiki peuvent \u00eatre per\u00e7us comme\u00a0une chaleur d\u00e9contractante, une\u00a0profonde relaxation,\u00a0une sensation de r\u00e9confort.\u00a0<\/p>\n<!-- \/wp:paragraph -->\n\n<!-- wp:paragraph -->\n<p>Le Reiki permettra dans la plupart des cas :<\/p>\n<!-- \/wp:paragraph -->\n\n<!-- wp:paragraph -->\n<p>L'apaisement des douleurs et le r\u00e9tablissement de la vitalit\u00e9<\/p>\n<!-- \/wp:paragraph -->\n\n<!-- wp:paragraph -->\n<p>Accompagner les maladies chroniques et soulager les effets secondaires des m\u00e9dicaments dont la chimioth\u00e9rapie<\/p>\n<!-- \/wp:paragraph -->\n\n<!-- wp:paragraph -->\n<p>La stimulation du syst\u00e8me immunitaire et des fonctions organiques<\/p>\n<!-- \/wp:paragraph -->\n\n<!-- wp:paragraph -->\n<p> Ressentir notre paix int\u00e9rieure<\/p>\n<!-- \/wp:paragraph -->\n\n<!-- wp:paragraph -->\n<p> <\/p>\n<!-- \/wp:paragraph -->\n\n<!-- wp:paragraph -->\n<p><strong><span style=\"color:#003366\" class=\"has-inline-color\">(Le Reiki ne remplace pas un traitement m\u00e9dical.&nbsp;Aucun diagnostic ne pourrait \u00eatre \u00e9tabli. Il peut cependant \u00eatre compl\u00e9mentaire \u00e0 toute forme de th\u00e9rapie.)<\/span><\/strong><\/p>\n<!-- \/wp:paragraph --><\/div>\n<!-- \/wp:column --><\/div>\n<!-- \/wp:columns -->\n\n<!-- wp:heading -->\n<h2><mark style=\"background-color:rgba(0, 0, 0, 0);color:#003366\" class=\"has-inline-color\">Devenir praticien en Reiki<\/mark><\/h2>\n<!-- \/wp:heading -->\n\n<!-- wp:spacer {\"height\":\"20px\"} -->\n<div style=\"height:20px\" aria-hidden=\"true\" class=\"wp-block-spacer\"><\/div>\n<!-- \/wp:spacer -->\n\n<!-- wp:quote -->\n<blockquote class=\"wp-block-quote\"><!-- wp:paragraph -->\n<p><mark style=\"background-color:rgba(0, 0, 0, 0);color:#003366\" class=\"has-inline-color\">Le Reiki s'apprend lors d'une formation, je suis Ma\u00eetre-Enseignante dont ma lign\u00e9e remonte au Dr Mikao Usui. Je vous forme \u00e0 son enseignement et\u00a0 sa pratique (me consulter pour les dates).<\/mark><\/p>\n<!-- \/wp:paragraph --><\/blockquote>\n<!-- \/wp:quote -->\n\n<!-- wp:paragraph -->\n<p><strong><span style=\"color:#003366\" class=\"has-inline-color\">Un certificat et un livret d\u2019apprentissage vous seront transmis \u00e0 la fin de chaque degr\u00e9.<\/span><\/strong><\/p>\n<!-- \/wp:paragraph -->\n\n<!-- wp:quote -->\n<blockquote class=\"wp-block-quote\"><!-- wp:paragraph -->\n<p><strong>- <span style=\"color:#003366\" class=\"has-inline-color\">Formation et Initiation&nbsp; Reiki 1er Degr\u00e9<\/span><\/strong><\/p>\n<!-- \/wp:paragraph --><\/blockquote>\n<!-- \/wp:quote -->\n\n<!-- wp:heading -->\n<h2><mark style=\"background-color:rgba(0, 0, 0, 0);color:#003366\" class=\"has-inline-color\">Formez-vous aux bases du Reiki !<\/mark><\/h2>\n<!-- \/wp:heading -->\n\n<!-- wp:paragraph -->\n<p>Ce module vous explique l\u2019origine et l\u2019histoire de cette m\u00e9thode naturelle de canalisation \u00e9nerg\u00e9tique. Vous apprenez \u00e0 canaliser l\u2019\u00e9nergie et \u00e0 l\u2019employer pour vous donner les auto-soins et les soins \u00e0 votre famille et aux personnes de votre entourage.<\/p>\n<!-- \/wp:paragraph -->\n\n<!-- wp:quote -->\n<blockquote class=\"wp-block-quote\"><!-- wp:paragraph -->\n<p><strong>- <span style=\"color:#003366\" class=\"has-inline-color\">Formation et Initiation Reiki 2\u00e8me Degr\u00e9<\/span><\/strong><\/p>\n<!-- \/wp:paragraph --><\/blockquote>\n<!-- \/wp:quote -->\n\n<!-- wp:paragraph -->\n<p>Vous approfondissez vos connaissances en Reiki et d\u00e9veloppez votre pratique en recevant les symboles, qui activ\u00e9s,&nbsp; vous permettront d\u2019amplifier vos actions de soins.<\/p>\n<!-- \/wp:paragraph -->\n\n<!-- wp:paragraph -->\n<p>3 mois minimum apr\u00e8s avoir suivi un 1er degr\u00e9 Reiki. Venez d\u00e9velopper vos comp\u00e9tences en soins \u00e9nerg\u00e9tiques et affiner vos perceptions et ressentis.<\/p>\n<!-- \/wp:paragraph -->\n\n<!-- wp:quote -->\n<blockquote class=\"wp-block-quote\"><!-- wp:paragraph -->\n<p><strong>- <span style=\"color:#003366\" class=\"has-inline-color\">Formation et Initiation 3 eme et 4 degr\u00e9 sur demande.<\/span><\/strong><\/p>\n<!-- \/wp:paragraph --><\/blockquote>\n<!-- \/wp:quote -->","_et_gb_content_width":"","footnotes":""},"class_list":["post-139","page","type-page","status-publish","hentry"],"yoast_head":"<!-- This site is optimized with the Yoast SEO plugin v27.4 - https:\/\/yoast.com\/product\/yoast-seo-wordpress\/ -->\n<title>Sceance de Reiki - Le bien \u00eatre du reiki - sophrologie Lillers.<\/title>\n<meta name=\"description\" content=\"Sceance de Reiki. Douceur, energie, laisser votre corps se d\u00e9barrasser des mauvaises \u00e9nergies et d\u00e9tendez vous. Espace sophrologie Lillers.\" \/>\n<meta name=\"robots\" content=\"index, follow, max-snippet:-1, max-image-preview:large, max-video-preview:-1\" \/>\n<link rel=\"canonical\" href=\"https:\/\/www.espace-sophrologie.org\/?page_id=139\" \/>\n<meta property=\"og:locale\" content=\"fr_FR\" \/>\n<meta property=\"og:type\" content=\"article\" \/>\n<meta property=\"og:title\" content=\"Sceance de Reiki - Le bien \u00eatre du reiki - sophrologie Lillers.\" \/>\n<meta property=\"og:description\" content=\"Sceance de Reiki. Douceur, energie, laisser votre corps se d\u00e9barrasser des mauvaises \u00e9nergies et d\u00e9tendez vous. Espace sophrologie Lillers.\" \/>\n<meta property=\"og:url\" content=\"https:\/\/www.espace-sophrologie.org\/?page_id=139\" \/>\n<meta property=\"og:site_name\" content=\"Espace Sophrologie Hypnoth\u00e9rapie &amp; Reiki Annezin Bethune\" \/>\n<meta property=\"article:publisher\" content=\"https:\/\/www.facebook.com\/SophrologieHypnotherapieCybeleFlajollet\" \/>\n<meta property=\"article:modified_time\" content=\"2025-06-05T13:44:40+00:00\" \/>\n<meta name=\"twitter:card\" content=\"summary_large_image\" \/>\n<script type=\"application\/ld+json\" class=\"yoast-schema-graph\">{\"@context\":\"https:\\\/\\\/schema.org\",\"@graph\":[{\"@type\":\"WebPage\",\"@id\":\"https:\\\/\\\/www.espace-sophrologie.org\\\/?page_id=139\",\"url\":\"https:\\\/\\\/www.espace-sophrologie.org\\\/?page_id=139\",\"name\":\"Sceance de Reiki - Le bien \u00eatre du reiki - sophrologie Lillers.\",\"isPartOf\":{\"@id\":\"https:\\\/\\\/www.espace-sophrologie.org\\\/#website\"},\"datePublished\":\"2015-06-16T15:27:10+00:00\",\"dateModified\":\"2025-06-05T13:44:40+00:00\",\"description\":\"Sceance de Reiki. Douceur, energie, laisser votre corps se d\u00e9barrasser des mauvaises \u00e9nergies et d\u00e9tendez vous. Espace sophrologie Lillers.\",\"breadcrumb\":{\"@id\":\"https:\\\/\\\/www.espace-sophrologie.org\\\/?page_id=139#breadcrumb\"},\"inLanguage\":\"fr-FR\",\"potentialAction\":[{\"@type\":\"ReadAction\",\"target\":[\"https:\\\/\\\/www.espace-sophrologie.org\\\/?page_id=139\"]}]},{\"@type\":\"BreadcrumbList\",\"@id\":\"https:\\\/\\\/www.espace-sophrologie.org\\\/?page_id=139#breadcrumb\",\"itemListElement\":[{\"@type\":\"ListItem\",\"position\":1,\"name\":\"Accueil\",\"item\":\"https:\\\/\\\/www.espace-sophrologie.org\\\/\"},{\"@type\":\"ListItem\",\"position\":2,\"name\":\"Formation au Reiki\",\"item\":\"https:\\\/\\\/www.espace-sophrologie.org\\\/?page_id=1152\"},{\"@type\":\"ListItem\",\"position\":3,\"name\":\"Le Re\u00efki\"}]},{\"@type\":\"WebSite\",\"@id\":\"https:\\\/\\\/www.espace-sophrologie.org\\\/#website\",\"url\":\"https:\\\/\\\/www.espace-sophrologie.org\\\/\",\"name\":\"Espace Sophrologie Re\u00efki et Hypnoth\u00e9rapie Lillers\",\"description\":\"Retrouvez une s\u00e9r\u00e9nit\u00e9 int\u00e9rieure de fa\u00e7on durable\",\"publisher\":{\"@id\":\"https:\\\/\\\/www.espace-sophrologie.org\\\/#\\\/schema\\\/person\\\/b46e9b4035cb420e895dd04fe6a3868a\"},\"potentialAction\":[{\"@type\":\"SearchAction\",\"target\":{\"@type\":\"EntryPoint\",\"urlTemplate\":\"https:\\\/\\\/www.espace-sophrologie.org\\\/?s={search_term_string}\"},\"query-input\":{\"@type\":\"PropertyValueSpecification\",\"valueRequired\":true,\"valueName\":\"search_term_string\"}}],\"inLanguage\":\"fr-FR\"},{\"@type\":[\"Person\",\"Organization\"],\"@id\":\"https:\\\/\\\/www.espace-sophrologie.org\\\/#\\\/schema\\\/person\\\/b46e9b4035cb420e895dd04fe6a3868a\",\"name\":\"Cyb\u00e8le\",\"image\":{\"@type\":\"ImageObject\",\"inLanguage\":\"fr-FR\",\"@id\":\"https:\\\/\\\/secure.gravatar.com\\\/avatar\\\/8285c3113cdab605c1638656a22af4c9e3228f6d01d018d28667382f01cd85ab?s=96&d=mm&r=g\",\"url\":\"https:\\\/\\\/secure.gravatar.com\\\/avatar\\\/8285c3113cdab605c1638656a22af4c9e3228f6d01d018d28667382f01cd85ab?s=96&d=mm&r=g\",\"contentUrl\":\"https:\\\/\\\/secure.gravatar.com\\\/avatar\\\/8285c3113cdab605c1638656a22af4c9e3228f6d01d018d28667382f01cd85ab?s=96&d=mm&r=g\",\"caption\":\"Cyb\u00e8le\"},\"logo\":{\"@id\":\"https:\\\/\\\/secure.gravatar.com\\\/avatar\\\/8285c3113cdab605c1638656a22af4c9e3228f6d01d018d28667382f01cd85ab?s=96&d=mm&r=g\"},\"sameAs\":[\"http:\\\/\\\/www.espace-sophrologie.org\",\"https:\\\/\\\/www.facebook.com\\\/SophrologieHypnotherapieCybeleFlajollet\"]}]}<\/script>\n<!-- \/ Yoast SEO plugin. -->","yoast_head_json":{"title":"Sceance de Reiki - Le bien \u00eatre du reiki - sophrologie Lillers.","description":"Sceance de Reiki. Douceur, energie, laisser votre corps se d\u00e9barrasser des mauvaises \u00e9nergies et d\u00e9tendez vous. Espace sophrologie Lillers.","robots":{"index":"index","follow":"follow","max-snippet":"max-snippet:-1","max-image-preview":"max-image-preview:large","max-video-preview":"max-video-preview:-1"},"canonical":"https:\/\/www.espace-sophrologie.org\/?page_id=139","og_locale":"fr_FR","og_type":"article","og_title":"Sceance de Reiki - Le bien \u00eatre du reiki - sophrologie Lillers.","og_description":"Sceance de Reiki. Douceur, energie, laisser votre corps se d\u00e9barrasser des mauvaises \u00e9nergies et d\u00e9tendez vous. Espace sophrologie Lillers.","og_url":"https:\/\/www.espace-sophrologie.org\/?page_id=139","og_site_name":"Espace Sophrologie Hypnoth\u00e9rapie &amp; Reiki Annezin Bethune","article_publisher":"https:\/\/www.facebook.com\/SophrologieHypnotherapieCybeleFlajollet","article_modified_time":"2025-06-05T13:44:40+00:00","twitter_card":"summary_large_image","schema":{"@context":"https:\/\/schema.org","@graph":[{"@type":"WebPage","@id":"https:\/\/www.espace-sophrologie.org\/?page_id=139","url":"https:\/\/www.espace-sophrologie.org\/?page_id=139","name":"Sceance de Reiki - Le bien \u00eatre du reiki - sophrologie Lillers.","isPartOf":{"@id":"https:\/\/www.espace-sophrologie.org\/#website"},"datePublished":"2015-06-16T15:27:10+00:00","dateModified":"2025-06-05T13:44:40+00:00","description":"Sceance de Reiki. Douceur, energie, laisser votre corps se d\u00e9barrasser des mauvaises \u00e9nergies et d\u00e9tendez vous. Espace sophrologie Lillers.","breadcrumb":{"@id":"https:\/\/www.espace-sophrologie.org\/?page_id=139#breadcrumb"},"inLanguage":"fr-FR","potentialAction":[{"@type":"ReadAction","target":["https:\/\/www.espace-sophrologie.org\/?page_id=139"]}]},{"@type":"BreadcrumbList","@id":"https:\/\/www.espace-sophrologie.org\/?page_id=139#breadcrumb","itemListElement":[{"@type":"ListItem","position":1,"name":"Accueil","item":"https:\/\/www.espace-sophrologie.org\/"},{"@type":"ListItem","position":2,"name":"Formation au Reiki","item":"https:\/\/www.espace-sophrologie.org\/?page_id=1152"},{"@type":"ListItem","position":3,"name":"Le Re\u00efki"}]},{"@type":"WebSite","@id":"https:\/\/www.espace-sophrologie.org\/#website","url":"https:\/\/www.espace-sophrologie.org\/","name":"Espace Sophrologie Re\u00efki et Hypnoth\u00e9rapie Lillers","description":"Retrouvez une s\u00e9r\u00e9nit\u00e9 int\u00e9rieure de fa\u00e7on durable","publisher":{"@id":"https:\/\/www.espace-sophrologie.org\/#\/schema\/person\/b46e9b4035cb420e895dd04fe6a3868a"},"potentialAction":[{"@type":"SearchAction","target":{"@type":"EntryPoint","urlTemplate":"https:\/\/www.espace-sophrologie.org\/?s={search_term_string}"},"query-input":{"@type":"PropertyValueSpecification","valueRequired":true,"valueName":"search_term_string"}}],"inLanguage":"fr-FR"},{"@type":["Person","Organization"],"@id":"https:\/\/www.espace-sophrologie.org\/#\/schema\/person\/b46e9b4035cb420e895dd04fe6a3868a","name":"Cyb\u00e8le","image":{"@type":"ImageObject","inLanguage":"fr-FR","@id":"https:\/\/secure.gravatar.com\/avatar\/8285c3113cdab605c1638656a22af4c9e3228f6d01d018d28667382f01cd85ab?s=96&d=mm&r=g","url":"https:\/\/secure.gravatar.com\/avatar\/8285c3113cdab605c1638656a22af4c9e3228f6d01d018d28667382f01cd85ab?s=96&d=mm&r=g","contentUrl":"https:\/\/secure.gravatar.com\/avatar\/8285c3113cdab605c1638656a22af4c9e3228f6d01d018d28667382f01cd85ab?s=96&d=mm&r=g","caption":"Cyb\u00e8le"},"logo":{"@id":"https:\/\/secure.gravatar.com\/avatar\/8285c3113cdab605c1638656a22af4c9e3228f6d01d018d28667382f01cd85ab?s=96&d=mm&r=g"},"sameAs":["http:\/\/www.espace-sophrologie.org","https:\/\/www.facebook.com\/SophrologieHypnotherapieCybeleFlajollet"]}]}},"_links":{"self":[{"href":"https:\/\/www.espace-sophrologie.org\/index.php?rest_route=\/wp\/v2\/pages\/139","targetHints":{"allow":["GET"]}}],"collection":[{"href":"https:\/\/www.espace-sophrologie.org\/index.php?rest_route=\/wp\/v2\/pages"}],"about":[{"href":"https:\/\/www.espace-sophrologie.org\/index.php?rest_route=\/wp\/v2\/types\/page"}],"author":[{"embeddable":true,"href":"https:\/\/www.espace-sophrologie.org\/index.php?rest_route=\/wp\/v2\/users\/1"}],"replies":[{"embeddable":true,"href":"https:\/\/www.espace-sophrologie.org\/index.php?rest_route=%2Fwp%2Fv2%2Fcomments&post=139"}],"version-history":[{"count":58,"href":"https:\/\/www.espace-sophrologie.org\/index.php?rest_route=\/wp\/v2\/pages\/139\/revisions"}],"predecessor-version":[{"id":1378,"href":"https:\/\/www.espace-sophrologie.org\/index.php?rest_route=\/wp\/v2\/pages\/139\/revisions\/1378"}],"up":[{"embeddable":true,"href":"https:\/\/www.espace-sophrologie.org\/index.php?rest_route=\/wp\/v2\/pages\/1152"}],"wp:attachment":[{"href":"https:\/\/www.espace-sophrologie.org\/index.php?rest_route=%2Fwp%2Fv2%2Fmedia&parent=139"}],"curies":[{"name":"wp","href":"https:\/\/api.w.org\/{rel}","templated":true}]}}