{"id":20,"date":"2015-06-13T11:38:15","date_gmt":"2015-06-13T10:38:15","guid":{"rendered":"http:\/\/cdesign-web.com\/espace-sophrologie-et-hypnotherapie\/?page_id=20"},"modified":"2025-05-12T09:35:29","modified_gmt":"2025-05-12T08:35:29","slug":"contact","status":"publish","type":"page","link":"https:\/\/www.espace-sophrologie.org\/?page_id=20","title":{"rendered":"Contact"},"content":{"rendered":"[et_pb_section fb_built=\u00a0\u00bb1&Prime; admin_label=\u00a0\u00bbsection\u00a0\u00bb _builder_version=\u00a0\u00bb4.16&Prime; global_colors_info=\u00a0\u00bb{}\u00a0\u00bb][et_pb_row column_structure=\u00a0\u00bb1_2,1_2&Prime; admin_label=\u00a0\u00bbrow\u00a0\u00bb _builder_version=\u00a0\u00bb4.16&Prime; background_size=\u00a0\u00bbinitial\u00a0\u00bb background_position=\u00a0\u00bbtop_left\u00a0\u00bb background_repeat=\u00a0\u00bbrepeat\u00a0\u00bb global_colors_info=\u00a0\u00bb{}\u00a0\u00bb][et_pb_column type=\u00a0\u00bb1_2&Prime; _builder_version=\u00a0\u00bb4.16&Prime; custom_padding=\u00a0\u00bb|||\u00a0\u00bb global_colors_info=\u00a0\u00bb{}\u00a0\u00bb custom_padding__hover=\u00a0\u00bb|||\u00a0\u00bb][et_pb_text admin_label=\u00a0\u00bbText\u00a0\u00bb _builder_version=\u00a0\u00bb4.20.2&Prime; background_size=\u00a0\u00bbinitial\u00a0\u00bb background_position=\u00a0\u00bbtop_left\u00a0\u00bb background_repeat=\u00a0\u00bbrepeat\u00a0\u00bb module_alignment=\u00a0\u00bbcenter\u00a0\u00bb hover_enabled=\u00a0\u00bb0&Prime; global_colors_info=\u00a0\u00bb{}\u00a0\u00bb sticky_enabled=\u00a0\u00bb0&Prime;]<div class=\"wp-block-columns\">\n<div class=\"wp-block-column\">\n<h2 class=\"wp-block-contact-form-7-contact-form-selector\" style=\"text-align: center;\">Espace Sophrologie &amp; Hypnoth\u00e9rapie<\/h2>\n<h2 class=\"wp-block-contact-form-7-contact-form-selector\" style=\"text-align: center;\">Cyb\u00e8le Flajollet-Lefebvre<\/h2>\n<p>&nbsp;<\/p>\n<p>&nbsp;<\/p>\n<p class=\"wp-block-contact-form-7-contact-form-selector\">4B rue \u00a0des Martyrs , 62232 ANNEZIN<\/p>\n<p class=\"wp-block-contact-form-7-contact-form-selector\">06 59 46 62 06<\/p>\n<\/div>\n<\/div>\n<p><\/p>[\/et_pb_text][\/et_pb_column][et_pb_column type=\u00a0\u00bb1_2&Prime; _builder_version=\u00a0\u00bb4.16&Prime; custom_padding=\u00a0\u00bb|||\u00a0\u00bb global_colors_info=\u00a0\u00bb{}\u00a0\u00bb custom_padding__hover=\u00a0\u00bb|||\u00a0\u00bb][et_pb_code _builder_version=\u00a0\u00bb4.20.2&Prime; _module_preset=\u00a0\u00bbdefault\u00a0\u00bb global_colors_info=\u00a0\u00bb{}\u00a0\u00bb]<iframe src=\"https:\/\/www.google.com\/maps\/embed?pb=!1m18!1m12!1m3!1d2534.471668681306!2d2.4785618761048824!3d50.56259447928336!2m3!1f0!2f0!3f0!3m2!1i1024!2i768!4f13.1!3m3!1m2!1s0x47dd1b8f06abcb8d%3A0x6111bd7e5b7bd674!2s13%20Rue%20du%20Commerce%2C%2062190%20Lillers!5e0!3m2!1sfr!2sfr!4v1681389991390!5m2!1sfr!2sfr\" width=\"600\" height=\"450\" style=\"border:0;\" allowfullscreen=\"\" loading=\"lazy\" referrerpolicy=\"no-referrer-when-downgrade\"><\/iframe>[\/et_pb_code][\/et_pb_column][\/et_pb_row][et_pb_row _builder_version=\u00a0\u00bb4.20.2&Prime; _module_preset=\u00a0\u00bbdefault\u00a0\u00bb global_colors_info=\u00a0\u00bb{}\u00a0\u00bb][et_pb_column type=\u00a0\u00bb4_4&Prime; _builder_version=\u00a0\u00bb4.20.2&Prime; _module_preset=\u00a0\u00bbdefault\u00a0\u00bb global_colors_info=\u00a0\u00bb{}\u00a0\u00bb][et_pb_contact_form use_spam_service=\u00a0\u00bbon\u00a0\u00bb recaptcha_list=\u00a0\u00bbReCaptcha|ReCaptcha-0&Prime; recaptcha_min_score=\u00a0\u00bb0.8&Prime; success_message=\u00a0\u00bbVotre message \u00e0 bien \u00e9t\u00e9 envoyer\u00a0\u00bb _builder_version=\u00a0\u00bb4.20.2&Prime; _module_preset=\u00a0\u00bbdefault\u00a0\u00bb _unique_id=\u00a0\u00bb9c7e1a56-0de5-4a9c-9baa-1fef6fd1cf9e\u00a0\u00bb global_colors_info=\u00a0\u00bb{}\u00a0\u00bb][et_pb_contact_field field_id=\u00a0\u00bbName\u00a0\u00bb field_title=\u00a0\u00bbNom\u00a0\u00bb _builder_version=\u00a0\u00bb4.16&Prime; global_colors_info=\u00a0\u00bb{}\u00a0\u00bb button_text_size__hover_enabled=\u00a0\u00bboff\u00a0\u00bb button_one_text_size__hover_enabled=\u00a0\u00bboff\u00a0\u00bb button_two_text_size__hover_enabled=\u00a0\u00bboff\u00a0\u00bb button_text_color__hover_enabled=\u00a0\u00bboff\u00a0\u00bb button_one_text_color__hover_enabled=\u00a0\u00bboff\u00a0\u00bb button_two_text_color__hover_enabled=\u00a0\u00bboff\u00a0\u00bb button_border_width__hover_enabled=\u00a0\u00bboff\u00a0\u00bb button_one_border_width__hover_enabled=\u00a0\u00bboff\u00a0\u00bb button_two_border_width__hover_enabled=\u00a0\u00bboff\u00a0\u00bb button_border_color__hover_enabled=\u00a0\u00bboff\u00a0\u00bb button_one_border_color__hover_enabled=\u00a0\u00bboff\u00a0\u00bb button_two_border_color__hover_enabled=\u00a0\u00bboff\u00a0\u00bb button_border_radius__hover_enabled=\u00a0\u00bboff\u00a0\u00bb button_one_border_radius__hover_enabled=\u00a0\u00bboff\u00a0\u00bb button_two_border_radius__hover_enabled=\u00a0\u00bboff\u00a0\u00bb button_letter_spacing__hover_enabled=\u00a0\u00bboff\u00a0\u00bb button_one_letter_spacing__hover_enabled=\u00a0\u00bboff\u00a0\u00bb button_two_letter_spacing__hover_enabled=\u00a0\u00bboff\u00a0\u00bb button_bg_color__hover_enabled=\u00a0\u00bboff\u00a0\u00bb button_one_bg_color__hover_enabled=\u00a0\u00bboff\u00a0\u00bb button_two_bg_color__hover_enabled=\u00a0\u00bboff\u00a0\u00bb][\/et_pb_contact_field][et_pb_contact_field field_id=\u00a0\u00bbName_2&Prime; field_title=\u00a0\u00bbPr\u00e9nom\u00a0\u00bb _builder_version=\u00a0\u00bb4.20.2&Prime; global_colors_info=\u00a0\u00bb{}\u00a0\u00bb button_text_size__hover_enabled=\u00a0\u00bboff\u00a0\u00bb button_one_text_size__hover_enabled=\u00a0\u00bboff\u00a0\u00bb button_two_text_size__hover_enabled=\u00a0\u00bboff\u00a0\u00bb button_text_color__hover_enabled=\u00a0\u00bboff\u00a0\u00bb button_one_text_color__hover_enabled=\u00a0\u00bboff\u00a0\u00bb button_two_text_color__hover_enabled=\u00a0\u00bboff\u00a0\u00bb button_border_width__hover_enabled=\u00a0\u00bboff\u00a0\u00bb button_one_border_width__hover_enabled=\u00a0\u00bboff\u00a0\u00bb button_two_border_width__hover_enabled=\u00a0\u00bboff\u00a0\u00bb button_border_color__hover_enabled=\u00a0\u00bboff\u00a0\u00bb button_one_border_color__hover_enabled=\u00a0\u00bboff\u00a0\u00bb button_two_border_color__hover_enabled=\u00a0\u00bboff\u00a0\u00bb button_border_radius__hover_enabled=\u00a0\u00bboff\u00a0\u00bb button_one_border_radius__hover_enabled=\u00a0\u00bboff\u00a0\u00bb button_two_border_radius__hover_enabled=\u00a0\u00bboff\u00a0\u00bb button_letter_spacing__hover_enabled=\u00a0\u00bboff\u00a0\u00bb button_one_letter_spacing__hover_enabled=\u00a0\u00bboff\u00a0\u00bb button_two_letter_spacing__hover_enabled=\u00a0\u00bboff\u00a0\u00bb button_bg_color__hover_enabled=\u00a0\u00bboff\u00a0\u00bb button_one_bg_color__hover_enabled=\u00a0\u00bboff\u00a0\u00bb button_two_bg_color__hover_enabled=\u00a0\u00bboff\u00a0\u00bb][\/et_pb_contact_field][et_pb_contact_field field_id=\u00a0\u00bbEmail\u00a0\u00bb field_title=\u00a0\u00bbAdresse e-mail\u00a0\u00bb field_type=\u00a0\u00bbemail\u00a0\u00bb fullwidth_field=\u00a0\u00bbon\u00a0\u00bb _builder_version=\u00a0\u00bb4.20.2&Prime; global_colors_info=\u00a0\u00bb{}\u00a0\u00bb button_text_size__hover_enabled=\u00a0\u00bboff\u00a0\u00bb button_one_text_size__hover_enabled=\u00a0\u00bboff\u00a0\u00bb button_two_text_size__hover_enabled=\u00a0\u00bboff\u00a0\u00bb button_text_color__hover_enabled=\u00a0\u00bboff\u00a0\u00bb button_one_text_color__hover_enabled=\u00a0\u00bboff\u00a0\u00bb button_two_text_color__hover_enabled=\u00a0\u00bboff\u00a0\u00bb button_border_width__hover_enabled=\u00a0\u00bboff\u00a0\u00bb button_one_border_width__hover_enabled=\u00a0\u00bboff\u00a0\u00bb button_two_border_width__hover_enabled=\u00a0\u00bboff\u00a0\u00bb button_border_color__hover_enabled=\u00a0\u00bboff\u00a0\u00bb button_one_border_color__hover_enabled=\u00a0\u00bboff\u00a0\u00bb button_two_border_color__hover_enabled=\u00a0\u00bboff\u00a0\u00bb button_border_radius__hover_enabled=\u00a0\u00bboff\u00a0\u00bb button_one_border_radius__hover_enabled=\u00a0\u00bboff\u00a0\u00bb button_two_border_radius__hover_enabled=\u00a0\u00bboff\u00a0\u00bb button_letter_spacing__hover_enabled=\u00a0\u00bboff\u00a0\u00bb button_one_letter_spacing__hover_enabled=\u00a0\u00bboff\u00a0\u00bb button_two_letter_spacing__hover_enabled=\u00a0\u00bboff\u00a0\u00bb button_bg_color__hover_enabled=\u00a0\u00bboff\u00a0\u00bb button_one_bg_color__hover_enabled=\u00a0\u00bboff\u00a0\u00bb button_two_bg_color__hover_enabled=\u00a0\u00bboff\u00a0\u00bb][\/et_pb_contact_field][et_pb_contact_field field_id=\u00a0\u00bbTel\u00a0\u00bb field_title=\u00a0\u00bbNum\u00e9ro de t\u00e9l\u00e9phone\u00a0\u00bb min_length=\u00a0\u00bb10&Prime; max_length=\u00a0\u00bb10&Prime; allowed_symbols=\u00a0\u00bbnumbers\u00a0\u00bb fullwidth_field=\u00a0\u00bbon\u00a0\u00bb _builder_version=\u00a0\u00bb4.20.2&Prime; _module_preset=\u00a0\u00bbdefault\u00a0\u00bb global_colors_info=\u00a0\u00bb{}\u00a0\u00bb][\/et_pb_contact_field][et_pb_contact_field field_id=\u00a0\u00bbMessage\u00a0\u00bb field_title=\u00a0\u00bbMessage\u00a0\u00bb field_type=\u00a0\u00bbtext\u00a0\u00bb fullwidth_field=\u00a0\u00bbon\u00a0\u00bb _builder_version=\u00a0\u00bb4.16&Prime; global_colors_info=\u00a0\u00bb{}\u00a0\u00bb button_text_size__hover_enabled=\u00a0\u00bboff\u00a0\u00bb button_one_text_size__hover_enabled=\u00a0\u00bboff\u00a0\u00bb button_two_text_size__hover_enabled=\u00a0\u00bboff\u00a0\u00bb button_text_color__hover_enabled=\u00a0\u00bboff\u00a0\u00bb button_one_text_color__hover_enabled=\u00a0\u00bboff\u00a0\u00bb button_two_text_color__hover_enabled=\u00a0\u00bboff\u00a0\u00bb button_border_width__hover_enabled=\u00a0\u00bboff\u00a0\u00bb button_one_border_width__hover_enabled=\u00a0\u00bboff\u00a0\u00bb button_two_border_width__hover_enabled=\u00a0\u00bboff\u00a0\u00bb button_border_color__hover_enabled=\u00a0\u00bboff\u00a0\u00bb button_one_border_color__hover_enabled=\u00a0\u00bboff\u00a0\u00bb button_two_border_color__hover_enabled=\u00a0\u00bboff\u00a0\u00bb button_border_radius__hover_enabled=\u00a0\u00bboff\u00a0\u00bb button_one_border_radius__hover_enabled=\u00a0\u00bboff\u00a0\u00bb button_two_border_radius__hover_enabled=\u00a0\u00bboff\u00a0\u00bb button_letter_spacing__hover_enabled=\u00a0\u00bboff\u00a0\u00bb button_one_letter_spacing__hover_enabled=\u00a0\u00bboff\u00a0\u00bb button_two_letter_spacing__hover_enabled=\u00a0\u00bboff\u00a0\u00bb button_bg_color__hover_enabled=\u00a0\u00bboff\u00a0\u00bb button_one_bg_color__hover_enabled=\u00a0\u00bboff\u00a0\u00bb button_two_bg_color__hover_enabled=\u00a0\u00bboff\u00a0\u00bb][\/et_pb_contact_field][\/et_pb_contact_form][\/et_pb_column][\/et_pb_row][\/et_pb_section]<!-- \/wp:post-content -->","protected":false},"excerpt":{"rendered":"<p>Espace Sophrologie &amp; Hypnoth\u00e9rapie Cyb\u00e8le Flajollet-Lefebvre &nbsp; &nbsp; 4B rue \u00a0des Martyrs , 62232 ANNEZIN 06 59 46 62 06<\/p>\n","protected":false},"author":1,"featured_media":0,"parent":0,"menu_order":13,"comment_status":"closed","ping_status":"closed","template":"","meta":{"_et_pb_use_builder":"on","_et_pb_old_content":"<!-- wp:paragraph -->\n<p><\/p>\n<!-- \/wp:paragraph -->\n\n<!-- wp:columns -->\n<div class=\"wp-block-columns\"><!-- wp:column -->\n<div class=\"wp-block-column\"><!-- wp:contact-form-7\/contact-form-selector {\"id\":882,\"title\":\"Formulaire de contact 1\"} -->\n<div class=\"wp-block-contact-form-7-contact-form-selector\">[contact-form-7 id=\"882\" title=\"Formulaire de contact 1\"]<\/div>\n<!-- \/wp:contact-form-7\/contact-form-selector -->\n\n<!-- wp:html \/--><\/div>\n<!-- \/wp:column -->\n\n<!-- wp:column -->\n<div class=\"wp-block-column\"><!-- wp:heading -->\n<h2>Espace Sophrologie &amp; Hypnoth\u00e9rapie<\/h2>\n<!-- \/wp:heading -->\n\n<!-- wp:paragraph -->\n<p>Cyb\u00e8le Flajollet-Lefebvre<\/p>\n<!-- \/wp:paragraph -->\n\n<!-- wp:paragraph -->\n<p><br>13 Rue du Commerce, 62190 Lillers<\/p>\n<!-- \/wp:paragraph -->\n\n<!-- wp:paragraph -->\n<p>06 59 46 62 06<\/p>\n<!-- \/wp:paragraph --><\/div>\n<!-- \/wp:column --><\/div>\n<!-- \/wp:columns -->\n\n<!-- wp:html -->\n<iframe src=\"https:\/\/www.google.com\/maps\/embed?pb=!1m14!1m8!1m3!1d2865.444644960399!2d2.4789615066301116!3d50.5629019726826!3m2!1i1024!2i768!4f13.1!3m3!1m2!1s0x0%3A0x7048e817e6d3de0a!2sCyb%C3%A8le%20Flajollet%20Sophrologie%20Cayc%C3%A9dienne%20Hypnose%20et%20Reiki!5e0!3m2!1sfr!2ses!4v1603721899909!5m2!1sfr!2ses\" width=\"100%\" height=\"450\" frameborder=\"0\" style=\"border:0;\" allowfullscreen=\"\" aria-hidden=\"false\" tabindex=\"0\"><\/iframe>\n<!-- \/wp:html -->\n\n<!-- wp:paragraph -->\n<p><\/p>\n<!-- \/wp:paragraph -->","_et_gb_content_width":"","footnotes":""},"class_list":["post-20","page","type-page","status-publish","hentry"],"yoast_head":"<!-- This site is optimized with the Yoast SEO plugin v27.4 - https:\/\/yoast.com\/product\/yoast-seo-wordpress\/ -->\n<title>Contact - Espace sophrolologie - Lillers<\/title>\n<meta name=\"description\" content=\"Contact - Espace sophrolologie - Lillers. Merci de remplir le formulaire. Nous vous r\u00e9pondrons dans les meilleurs d\u00e9lais.\" \/>\n<meta name=\"robots\" content=\"index, follow, max-snippet:-1, max-image-preview:large, max-video-preview:-1\" \/>\n<link rel=\"canonical\" href=\"https:\/\/www.espace-sophrologie.org\/?page_id=20\" \/>\n<meta property=\"og:locale\" content=\"fr_FR\" \/>\n<meta property=\"og:type\" content=\"article\" \/>\n<meta property=\"og:title\" content=\"Contact - Espace sophrolologie - Lillers\" \/>\n<meta property=\"og:description\" content=\"Contact - Espace sophrolologie - Lillers. Merci de remplir le formulaire. Nous vous r\u00e9pondrons dans les meilleurs d\u00e9lais.\" \/>\n<meta property=\"og:url\" content=\"https:\/\/www.espace-sophrologie.org\/?page_id=20\" \/>\n<meta property=\"og:site_name\" content=\"Espace Sophrologie Hypnoth\u00e9rapie &amp; Reiki Annezin Bethune\" \/>\n<meta property=\"article:publisher\" content=\"https:\/\/www.facebook.com\/SophrologieHypnotherapieCybeleFlajollet\" \/>\n<meta property=\"article:modified_time\" content=\"2025-05-12T08:35:29+00:00\" \/>\n<meta name=\"twitter:card\" content=\"summary_large_image\" \/>\n<meta name=\"twitter:label1\" content=\"Dur\u00e9e de lecture estim\u00e9e\" \/>\n\t<meta name=\"twitter:data1\" content=\"5 minutes\" \/>\n<script type=\"application\/ld+json\" class=\"yoast-schema-graph\">{\"@context\":\"https:\\\/\\\/schema.org\",\"@graph\":[{\"@type\":\"WebPage\",\"@id\":\"https:\\\/\\\/www.espace-sophrologie.org\\\/?page_id=20\",\"url\":\"https:\\\/\\\/www.espace-sophrologie.org\\\/?page_id=20\",\"name\":\"Contact - Espace sophrolologie - Lillers\",\"isPartOf\":{\"@id\":\"https:\\\/\\\/www.espace-sophrologie.org\\\/#website\"},\"datePublished\":\"2015-06-13T10:38:15+00:00\",\"dateModified\":\"2025-05-12T08:35:29+00:00\",\"description\":\"Contact - Espace sophrolologie - Lillers. Merci de remplir le formulaire. Nous vous r\u00e9pondrons dans les meilleurs d\u00e9lais.\",\"breadcrumb\":{\"@id\":\"https:\\\/\\\/www.espace-sophrologie.org\\\/?page_id=20#breadcrumb\"},\"inLanguage\":\"fr-FR\",\"potentialAction\":[{\"@type\":\"ReadAction\",\"target\":[\"https:\\\/\\\/www.espace-sophrologie.org\\\/?page_id=20\"]}]},{\"@type\":\"BreadcrumbList\",\"@id\":\"https:\\\/\\\/www.espace-sophrologie.org\\\/?page_id=20#breadcrumb\",\"itemListElement\":[{\"@type\":\"ListItem\",\"position\":1,\"name\":\"Accueil\",\"item\":\"https:\\\/\\\/www.espace-sophrologie.org\\\/\"},{\"@type\":\"ListItem\",\"position\":2,\"name\":\"Contact\"}]},{\"@type\":\"WebSite\",\"@id\":\"https:\\\/\\\/www.espace-sophrologie.org\\\/#website\",\"url\":\"https:\\\/\\\/www.espace-sophrologie.org\\\/\",\"name\":\"Espace Sophrologie Re\u00efki et Hypnoth\u00e9rapie Lillers\",\"description\":\"Retrouvez une s\u00e9r\u00e9nit\u00e9 int\u00e9rieure de fa\u00e7on durable\",\"publisher\":{\"@id\":\"https:\\\/\\\/www.espace-sophrologie.org\\\/#\\\/schema\\\/person\\\/b46e9b4035cb420e895dd04fe6a3868a\"},\"potentialAction\":[{\"@type\":\"SearchAction\",\"target\":{\"@type\":\"EntryPoint\",\"urlTemplate\":\"https:\\\/\\\/www.espace-sophrologie.org\\\/?s={search_term_string}\"},\"query-input\":{\"@type\":\"PropertyValueSpecification\",\"valueRequired\":true,\"valueName\":\"search_term_string\"}}],\"inLanguage\":\"fr-FR\"},{\"@type\":[\"Person\",\"Organization\"],\"@id\":\"https:\\\/\\\/www.espace-sophrologie.org\\\/#\\\/schema\\\/person\\\/b46e9b4035cb420e895dd04fe6a3868a\",\"name\":\"Cyb\u00e8le\",\"image\":{\"@type\":\"ImageObject\",\"inLanguage\":\"fr-FR\",\"@id\":\"https:\\\/\\\/secure.gravatar.com\\\/avatar\\\/8285c3113cdab605c1638656a22af4c9e3228f6d01d018d28667382f01cd85ab?s=96&d=mm&r=g\",\"url\":\"https:\\\/\\\/secure.gravatar.com\\\/avatar\\\/8285c3113cdab605c1638656a22af4c9e3228f6d01d018d28667382f01cd85ab?s=96&d=mm&r=g\",\"contentUrl\":\"https:\\\/\\\/secure.gravatar.com\\\/avatar\\\/8285c3113cdab605c1638656a22af4c9e3228f6d01d018d28667382f01cd85ab?s=96&d=mm&r=g\",\"caption\":\"Cyb\u00e8le\"},\"logo\":{\"@id\":\"https:\\\/\\\/secure.gravatar.com\\\/avatar\\\/8285c3113cdab605c1638656a22af4c9e3228f6d01d018d28667382f01cd85ab?s=96&d=mm&r=g\"},\"sameAs\":[\"http:\\\/\\\/www.espace-sophrologie.org\",\"https:\\\/\\\/www.facebook.com\\\/SophrologieHypnotherapieCybeleFlajollet\"]}]}<\/script>\n<!-- \/ Yoast SEO plugin. -->","yoast_head_json":{"title":"Contact - Espace sophrolologie - Lillers","description":"Contact - Espace sophrolologie - Lillers. Merci de remplir le formulaire. Nous vous r\u00e9pondrons dans les meilleurs d\u00e9lais.","robots":{"index":"index","follow":"follow","max-snippet":"max-snippet:-1","max-image-preview":"max-image-preview:large","max-video-preview":"max-video-preview:-1"},"canonical":"https:\/\/www.espace-sophrologie.org\/?page_id=20","og_locale":"fr_FR","og_type":"article","og_title":"Contact - Espace sophrolologie - Lillers","og_description":"Contact - Espace sophrolologie - Lillers. Merci de remplir le formulaire. Nous vous r\u00e9pondrons dans les meilleurs d\u00e9lais.","og_url":"https:\/\/www.espace-sophrologie.org\/?page_id=20","og_site_name":"Espace Sophrologie Hypnoth\u00e9rapie &amp; Reiki Annezin Bethune","article_publisher":"https:\/\/www.facebook.com\/SophrologieHypnotherapieCybeleFlajollet","article_modified_time":"2025-05-12T08:35:29+00:00","twitter_card":"summary_large_image","twitter_misc":{"Dur\u00e9e de lecture estim\u00e9e":"5 minutes"},"schema":{"@context":"https:\/\/schema.org","@graph":[{"@type":"WebPage","@id":"https:\/\/www.espace-sophrologie.org\/?page_id=20","url":"https:\/\/www.espace-sophrologie.org\/?page_id=20","name":"Contact - Espace sophrolologie - Lillers","isPartOf":{"@id":"https:\/\/www.espace-sophrologie.org\/#website"},"datePublished":"2015-06-13T10:38:15+00:00","dateModified":"2025-05-12T08:35:29+00:00","description":"Contact - Espace sophrolologie - Lillers. Merci de remplir le formulaire. Nous vous r\u00e9pondrons dans les meilleurs d\u00e9lais.","breadcrumb":{"@id":"https:\/\/www.espace-sophrologie.org\/?page_id=20#breadcrumb"},"inLanguage":"fr-FR","potentialAction":[{"@type":"ReadAction","target":["https:\/\/www.espace-sophrologie.org\/?page_id=20"]}]},{"@type":"BreadcrumbList","@id":"https:\/\/www.espace-sophrologie.org\/?page_id=20#breadcrumb","itemListElement":[{"@type":"ListItem","position":1,"name":"Accueil","item":"https:\/\/www.espace-sophrologie.org\/"},{"@type":"ListItem","position":2,"name":"Contact"}]},{"@type":"WebSite","@id":"https:\/\/www.espace-sophrologie.org\/#website","url":"https:\/\/www.espace-sophrologie.org\/","name":"Espace Sophrologie Re\u00efki et Hypnoth\u00e9rapie Lillers","description":"Retrouvez une s\u00e9r\u00e9nit\u00e9 int\u00e9rieure de fa\u00e7on durable","publisher":{"@id":"https:\/\/www.espace-sophrologie.org\/#\/schema\/person\/b46e9b4035cb420e895dd04fe6a3868a"},"potentialAction":[{"@type":"SearchAction","target":{"@type":"EntryPoint","urlTemplate":"https:\/\/www.espace-sophrologie.org\/?s={search_term_string}"},"query-input":{"@type":"PropertyValueSpecification","valueRequired":true,"valueName":"search_term_string"}}],"inLanguage":"fr-FR"},{"@type":["Person","Organization"],"@id":"https:\/\/www.espace-sophrologie.org\/#\/schema\/person\/b46e9b4035cb420e895dd04fe6a3868a","name":"Cyb\u00e8le","image":{"@type":"ImageObject","inLanguage":"fr-FR","@id":"https:\/\/secure.gravatar.com\/avatar\/8285c3113cdab605c1638656a22af4c9e3228f6d01d018d28667382f01cd85ab?s=96&d=mm&r=g","url":"https:\/\/secure.gravatar.com\/avatar\/8285c3113cdab605c1638656a22af4c9e3228f6d01d018d28667382f01cd85ab?s=96&d=mm&r=g","contentUrl":"https:\/\/secure.gravatar.com\/avatar\/8285c3113cdab605c1638656a22af4c9e3228f6d01d018d28667382f01cd85ab?s=96&d=mm&r=g","caption":"Cyb\u00e8le"},"logo":{"@id":"https:\/\/secure.gravatar.com\/avatar\/8285c3113cdab605c1638656a22af4c9e3228f6d01d018d28667382f01cd85ab?s=96&d=mm&r=g"},"sameAs":["http:\/\/www.espace-sophrologie.org","https:\/\/www.facebook.com\/SophrologieHypnotherapieCybeleFlajollet"]}]}},"_links":{"self":[{"href":"https:\/\/www.espace-sophrologie.org\/index.php?rest_route=\/wp\/v2\/pages\/20","targetHints":{"allow":["GET"]}}],"collection":[{"href":"https:\/\/www.espace-sophrologie.org\/index.php?rest_route=\/wp\/v2\/pages"}],"about":[{"href":"https:\/\/www.espace-sophrologie.org\/index.php?rest_route=\/wp\/v2\/types\/page"}],"author":[{"embeddable":true,"href":"https:\/\/www.espace-sophrologie.org\/index.php?rest_route=\/wp\/v2\/users\/1"}],"replies":[{"embeddable":true,"href":"https:\/\/www.espace-sophrologie.org\/index.php?rest_route=%2Fwp%2Fv2%2Fcomments&post=20"}],"version-history":[{"count":16,"href":"https:\/\/www.espace-sophrologie.org\/index.php?rest_route=\/wp\/v2\/pages\/20\/revisions"}],"predecessor-version":[{"id":1445,"href":"https:\/\/www.espace-sophrologie.org\/index.php?rest_route=\/wp\/v2\/pages\/20\/revisions\/1445"}],"wp:attachment":[{"href":"https:\/\/www.espace-sophrologie.org\/index.php?rest_route=%2Fwp%2Fv2%2Fmedia&parent=20"}],"curies":[{"name":"wp","href":"https:\/\/api.w.org\/{rel}","templated":true}]}}