{"id":710,"date":"2020-11-16T14:49:43","date_gmt":"2020-11-16T13:49:43","guid":{"rendered":"http:\/\/www.espace-sophrologie.org\/?page_id=710"},"modified":"2026-04-23T14:01:24","modified_gmt":"2026-04-23T13:01:24","slug":"programme-gestion-du-stress-et-des-emotions","status":"publish","type":"page","link":"https:\/\/www.espace-sophrologie.org\/?page_id=710","title":{"rendered":"Programme gestion du stress et des \u00e9motions"},"content":{"rendered":"<p>[et_pb_section fb_built=\u00a0\u00bb1&Prime; _builder_version=\u00a0\u00bb4.16&Prime; custom_padding=\u00a0\u00bb||0px|||\u00a0\u00bb global_colors_info=\u00a0\u00bb{}\u00a0\u00bb][et_pb_row column_structure=\u00a0\u00bb2_3,1_3&Prime; _builder_version=\u00a0\u00bb4.20.2&Prime; background_size=\u00a0\u00bbinitial\u00a0\u00bb background_position=\u00a0\u00bbtop_left\u00a0\u00bb background_repeat=\u00a0\u00bbrepeat\u00a0\u00bb global_colors_info=\u00a0\u00bb{}\u00a0\u00bb][et_pb_column type=\u00a0\u00bb2_3&Prime; _builder_version=\u00a0\u00bb4.16&Prime; custom_padding=\u00a0\u00bb|||\u00a0\u00bb global_colors_info=\u00a0\u00bb{}\u00a0\u00bb custom_padding__hover=\u00a0\u00bb|||\u00a0\u00bb][et_pb_text _builder_version=\u00a0\u00bb4.20.2&Prime; background_size=\u00a0\u00bbinitial\u00a0\u00bb background_position=\u00a0\u00bbtop_left\u00a0\u00bb background_repeat=\u00a0\u00bbrepeat\u00a0\u00bb global_colors_info=\u00a0\u00bb{}\u00a0\u00bb]<!-- divi:heading {\"textAlign\":\"center\",\"level\":1} --><\/p>\n<h4 class=\"has-text-align-center\"><\/h4>\n<p>&nbsp;<\/p>\n<p>&nbsp;<\/p>\n<p><!-- \/divi:image --><\/p>\n<h2>Programme<\/h2>\n<h2>Gestion du stress<\/h2>\n<p>&nbsp;<\/p>\n<p>De quoi s&rsquo;agit-il ?<\/p>\n<h3><strong>R\u00e9pondre de fa\u00e7on pratique \u00e0 toutes les formes de stress<\/strong><\/h3>\n<ul>\n<li>Un stress chronique,\u00a0<\/li>\n<li>Un stress d\u00fb \u00e0 un \u00e9pisode identifi\u00e9 de la vie<\/li>\n<li>Je vous accompagne sur la base de 5 s\u00e9ances construites ensemble afin de vous permettre par des exercices de respiration, de m\u00e9ditation et de visualisation \u00e0 vous lib\u00e9rer de votre anxi\u00e9t\u00e9. Vous ressentirez un apaisement durable.<\/li>\n<\/ul>\n<p>&nbsp;<\/p>\n<p>&nbsp;<\/p>\n<p>&nbsp;<\/p>\n<p>&nbsp;<\/p>\n<p>&nbsp;<\/p>\n<p>&nbsp;<\/p>\n<p>&nbsp;<\/p>\n<p>&nbsp;<\/p>\n<p>&nbsp;<\/p>\n<p>&nbsp;<\/p>\n<p>&nbsp;<\/p>\n<p>&nbsp;<\/p>\n<p>&nbsp;<\/p>\n<p><!-- \/divi:buttons --><!-- divi:paragraph --><\/p>\n<p>&nbsp;<\/p>\n<p>&nbsp;<\/p>\n<p>&nbsp;<\/p>\n<p>&nbsp;<\/p>\n<p>&nbsp;<\/p>\n<p>&nbsp;<\/p>\n<p>&nbsp;<\/p>\n<p>&nbsp;<\/p>\n<p>&nbsp;<\/p>\n<p>&nbsp;<\/p>\n<p>&nbsp;<\/p>\n<p><!-- \/divi:paragraph -->[\/et_pb_text][\/et_pb_column][et_pb_column type=\u00a0\u00bb1_3&Prime; _builder_version=\u00a0\u00bb4.16&Prime; custom_padding=\u00a0\u00bb|||\u00a0\u00bb global_colors_info=\u00a0\u00bb{}\u00a0\u00bb custom_padding__hover=\u00a0\u00bb|||\u00a0\u00bb][\/et_pb_column][\/et_pb_row][\/et_pb_section]<\/p>\n","protected":false},"excerpt":{"rendered":"<p>&nbsp; &nbsp; Programme Gestion du stress &nbsp; De quoi s&rsquo;agit-il ? R\u00e9pondre de fa\u00e7on pratique \u00e0 toutes les formes de stress Un stress chronique,\u00a0 Un stress d\u00fb \u00e0 un \u00e9pisode identifi\u00e9 de la vie Je vous accompagne sur la base de 5 s\u00e9ances construites ensemble afin de vous permettre par des exercices de respiration, de [&hellip;]<\/p>\n","protected":false},"author":1,"featured_media":0,"parent":0,"menu_order":0,"comment_status":"closed","ping_status":"closed","template":"","meta":{"_et_pb_use_builder":"on","_et_pb_old_content":"<!-- wp:heading {\"textAlign\":\"center\",\"level\":1} -->\n<h1 class=\"has-text-align-center\"> <span style=\"color:#fead00\" class=\"has-inline-color\">\u00ab Formations ap&amp; \u00bb<\/span> <\/h1>\n<!-- \/wp:heading -->\n\n<!-- wp:heading {\"textAlign\":\"center\",\"level\":4} -->\n<h4 class=\"has-text-align-center\"><em><strong><span style=\"color:#fead00\" class=\"has-inline-color\">UNE DEMARCHE SOCIO ECONOMIQUE RESPONSABLE<\/span><\/strong><\/em><\/h4>\n<!-- \/wp:heading -->\n\n<!-- wp:image {\"align\":\"center\",\"id\":790,\"sizeSlug\":\"large\"} -->\n<figure class=\"wp-block-image aligncenter size-large\"><img src=\"http:\/\/www.espace-sophrologie.org\/wp-content\/uploads\/2020\/11\/formation-1024x165.png\" alt=\"Logo formation qualit\u00e9 de vie au travail\" class=\"wp-image-790\"\/><\/figure>\n<!-- \/wp:image -->\n\n<!-- wp:paragraph {\"align\":\"center\"} -->\n<p class=\"has-text-align-center\">Pour une approche QVT sur mesure, la mise en place d\u2019une formation sur la qualit\u00e9 de vie au travail se fait en partenariat avec vous.<\/p>\n<!-- \/wp:paragraph -->\n\n<!-- wp:paragraph -->\n<p>S\u2019engager dans nos modules de&nbsp; formation Qualit\u00e9 de Vie au Travail, c\u2019est avant tout vous permettre de pr\u00e9server vos atouts et&nbsp; vos valeurs de l\u2019entreprise.<\/p>\n<!-- \/wp:paragraph -->\n\n<!-- wp:quote -->\n<blockquote class=\"wp-block-quote\"><!-- wp:paragraph -->\n<p><strong><span style=\"color:#fead00\" class=\"has-inline-color\">[dropcaps round=\"yes\"]N[\/dropcaps]  otre service de \"formation AP&amp;\" vous propose des formations \u00e0 la carte, d\u00e9finissons ensemble votre besoin de formation.&nbsp;\u00bb <\/span><\/strong><\/p>\n<!-- \/wp:paragraph --><\/blockquote>\n<!-- \/wp:quote -->\n\n<!-- wp:paragraph {\"align\":\"center\"} -->\n<p class=\"has-text-align-center\"><mark style=\"background-color:rgba(0, 0, 0, 0);color:#003366\" class=\"has-inline-color\"><strong>Performance<br>Efficacit\u00e9<br><\/strong><\/mark><mark style=\"background-color:rgba(0, 0, 0, 0)\" class=\"has-inline-color has-vivid-red-color\"><strong>R<\/strong><\/mark><mark style=\"background-color:rgba(0, 0, 0, 0);color:#003366\" class=\"has-inline-color\"><strong>entabilit\u00e9<br>Bien-\u00eatre<\/strong><\/mark> <strong><mark style=\"background-color:rgba(0, 0, 0, 0)\" class=\"has-inline-color has-vivid-red-color\"><em>!<\/em><\/mark><\/strong><\/p>\n<!-- \/wp:paragraph -->\n\n<!-- wp:paragraph {\"align\":\"center\"} -->\n<p class=\"has-text-align-center\"><strong><span style=\"color:#fead00\" class=\"has-inline-color\">Modules en fonction des vos objectifs d\u00e9finis !<\/span><span style=\"color:#003366\" class=\"has-inline-color\">&nbsp;<\/span><\/strong><\/p>\n<!-- \/wp:paragraph -->\n\n<!-- wp:image {\"align\":\"center\",\"id\":798,\"sizeSlug\":\"large\"} -->\n<figure class=\"wp-block-image aligncenter size-large\"><img src=\"http:\/\/www.espace-sophrologie.org\/wp-content\/uploads\/2020\/11\/LogoFormation.jpg\" alt=\"Illustration anticipation Qualit\u00e9 de vie au travail\" class=\"wp-image-798\"\/><\/figure>\n<!-- \/wp:image -->\n\n<!-- wp:paragraph -->\n<p>Aujourd\u2019hui plus que jamais, les entreprises qui souhaitent pr\u00e9server la motivation et l\u2019engagement de leurs collaborateurs doivent s\u2019engager dans une d\u00e9marche en faveur de la QVT (qualit\u00e9 de vie au travail).<\/p>\n<!-- \/wp:paragraph -->\n\n<!-- wp:paragraph -->\n<p>\u00catre acteur de la QVT, c\u2019est agir sur les leviers d\u2019un engagement durable vers la RSE (responsabilit\u00e9 sociale des entreprises) ; cela revient \u00e0 s\u2019int\u00e9resser au sens donn\u00e9 au travail, \u00e0 l\u2019accompagnement des transformations inh\u00e9rentes \u00e0 la crise que nous traversons, \u00e0 la qualit\u00e9 du management et des politiques RH. Construire une d\u00e9marche QVT permet une am\u00e9lioration de la marque employeur (attraction et fid\u00e9lisation des talents).<\/p>\n<!-- \/wp:paragraph -->\n\n<!-- wp:heading {\"level\":3} -->\n<h3><mark style=\"background-color:rgba(0, 0, 0, 0);color:#fead00\" class=\"has-inline-color\">La QVT est et sera ces prochaines ann\u00e9es un vecteur de performance de l\u2019organisation.<\/mark><\/h3>\n<!-- \/wp:heading -->\n\n<!-- wp:quote -->\n<blockquote class=\"wp-block-quote\"><!-- wp:paragraph -->\n<p><em><span class=\"has-inline-color has-luminous-vivid-amber-color\">Les \"formations AP&amp;\" constituent un outil clef d'une d\u00e9marche d\u2019am\u00e9lioration de la qualit\u00e9 de vie au travail car elles contribuent \u00e0 placer l\u2019\u00eatre humain et la qualit\u00e9 de l'environnement de travail pour le corps et l'esprit au centre de cette d\u00e9marche.<\/span><\/em><\/p>\n<!-- \/wp:paragraph --><\/blockquote>\n<!-- \/wp:quote -->\n\n<!-- wp:spacer {\"height\":\"36px\"} -->\n<div style=\"height:36px\" aria-hidden=\"true\" class=\"wp-block-spacer\"><\/div>\n<!-- \/wp:spacer -->\n\n<!-- wp:paragraph -->\n<p>Nos modules s\u2019inspirent fortement des techniques phares de&nbsp; la sophrologie en entreprise, c\u2019est pourquoi, notre champ d\u2019intervention est directement op\u00e9ratoire et permet d\u2019intervenir&nbsp; sur les \u00e9l\u00e9ments&nbsp; qui contribuent \u00e0 la qualit\u00e9 de vie au travail, tels qu'\u00e9num\u00e9r\u00e9s :<\/p>\n<!-- \/wp:paragraph -->\n\n<!-- wp:list -->\n<ul><!-- wp:list-item -->\n<li>La pr\u00e9vention des effets n\u00e9fastes du stress sur la sant\u00e9,<\/li>\n<!-- \/wp:list-item -->\n\n<!-- wp:list-item -->\n<li>La capacit\u00e9 \u00e0 relativiser, \u00e0 prendre du recul, \u00e0 l\u00e2cher prise par un apprentissage de la d\u00e9tente et une am\u00e9lioration de la respiration,<\/li>\n<!-- \/wp:list-item -->\n\n<!-- wp:list-item -->\n<li>La gestion des \u00e9motions avec une r\u00e9cup\u00e9ration physique et mentale,<\/li>\n<!-- \/wp:list-item -->\n\n<!-- wp:list-item -->\n<li>La capacit\u00e9 d\u2019\u00e9coute, la concentration et la cr\u00e9ativit\u00e9,<\/li>\n<!-- \/wp:list-item -->\n\n<!-- wp:list-item -->\n<li>La capacit\u00e9 d'\u00eatre \u00e0 l\u2019\u00e9coute de ses besoins fondamentaux dans le respect de ses valeurs,<\/li>\n<!-- \/wp:list-item -->\n\n<!-- wp:list-item -->\n<li>La pr\u00e9vention des risques professionnels (burn out),<\/li>\n<!-- \/wp:list-item -->\n\n<!-- wp:list-item -->\n<li>Le renforcement de la coh\u00e9sion d\u2019\u00e9quipe (partage en s\u00e9ance) ainsi que l'am\u00e9lioration des r\u00e9sultats d\u2019\u00e9quipe par l\u2019optimisme, le dynamisme et la confiance dans une atmosph\u00e8re bienveillante,<\/li>\n<!-- \/wp:list-item -->\n\n<!-- wp:list-item -->\n<li>La limitation des troubles musculo-squelettiques (TMS) par la lib\u00e9ration des tensions corporelles et la prise de conscience de sa posture.<\/li>\n<!-- \/wp:list-item --><\/ul>\n<!-- \/wp:list -->\n\n<!-- wp:spacer {\"height\":\"50px\"} -->\n<div style=\"height:50px\" aria-hidden=\"true\" class=\"wp-block-spacer\"><\/div>\n<!-- \/wp:spacer -->\n\n<!-- wp:image {\"align\":\"center\",\"id\":852,\"sizeSlug\":\"large\"} -->\n<figure class=\"wp-block-image aligncenter size-large\"><img src=\"http:\/\/www.espace-sophrologie.org\/wp-content\/uploads\/2020\/11\/recuadro.jpg\" alt=\"R\u00e9sultat \u00e9tude qualit\u00e9 de vie au travail\" class=\"wp-image-852\"\/><figcaption class=\"wp-element-caption\"><a href=\"https:\/\/www.inrs.fr\/risques\/bien-etre-travail\/ce-qu-il-faut-retenir.html\">En savoir plus sur la qualit\u00e9 de vie au travail<\/a><\/figcaption><\/figure>\n<!-- \/wp:image -->\n\n<!-- wp:spacer {\"height\":\"85px\"} -->\n<div style=\"height:85px\" aria-hidden=\"true\" class=\"wp-block-spacer\"><\/div>\n<!-- \/wp:spacer -->\n\n<!-- wp:paragraph -->\n<p><\/p>\n<!-- \/wp:paragraph -->\n\n<!-- wp:columns -->\n<div class=\"wp-block-columns\"><!-- wp:column -->\n<div class=\"wp-block-column\"><!-- wp:paragraph -->\n<p><strong><span class=\"has-inline-color has-luminous-vivid-amber-color\">[dropcaps round=\"yes\"]R[\/dropcaps] EPONDRE A :<\/span><\/strong><br>- L\u2019absent\u00e9isme<br>- Le d\u00e9sengagement<br>- La p\u00e9nibilit\u00e9 du travail<br>- La gestion du stress<br>- Les risques psychosociaux<br>- Burn-out et \u00e9puisement professionnel - Am\u00e9liorer l'image et l'estime de soi<\/p>\n<!-- \/wp:paragraph -->\n\n<!-- wp:paragraph -->\n<p><strong><span class=\"has-inline-color has-luminous-vivid-amber-color\">[dropcaps round=\"yes\"]R[\/dropcaps] ESOUDRE :<\/span><\/strong><br>- La r\u00e9solution des conflits<br>- Les troubles musculosquelettiques<br>- Meilleure efficacit\u00e9<br>- Gagner en performance<\/p>\n<!-- \/wp:paragraph -->\n\n<!-- wp:paragraph -->\n<p><strong><span class=\"has-inline-color has-luminous-vivid-amber-color\">[dropcaps round=\"yes\"]L[\/dropcaps] A PROPOSITION DE NOS \"FORMATIONS AP&amp;\" :<\/span><\/strong><br>- Apprendre \u00e0 g\u00e9rer le stress<br>- Prise de parole en public<br>- Acc\u00e9der \u00e0 la relaxation physique et psychique profonde<br>- Apprendre \u00e0 mieux dormir, mieux r\u00e9cup\u00e9rer<br>- Retrouver confiance en soi et ses capacit\u00e9s<br>- Retrouver une meilleures concentration et cr\u00e9ativit\u00e9<br>- Accroitre sa motivation<br>- Changer les comportement n\u00e9gatifs en stimulant le positif\u2026<\/p>\n<!-- \/wp:paragraph --><\/div>\n<!-- \/wp:column -->\n\n<!-- wp:column -->\n<div class=\"wp-block-column\"><!-- wp:image {\"align\":\"center\",\"id\":814,\"sizeSlug\":\"large\"} -->\n<figure class=\"wp-block-image aligncenter size-large\"><img src=\"http:\/\/www.espace-sophrologie.org\/wp-content\/uploads\/2020\/11\/Cuadro-23.jpg\" alt=\"Illustration de la qualit\u00e9 de vie au travail\" class=\"wp-image-814\"\/><\/figure>\n<!-- \/wp:image --><\/div>\n<!-- \/wp:column --><\/div>\n<!-- \/wp:columns -->\n\n<!-- wp:buttons {\"layout\":{\"type\":\"flex\",\"justifyContent\":\"center\"}} -->\n<div class=\"wp-block-buttons\"><!-- wp:button {\"className\":\"is-style-fill\"} -->\n<div class=\"wp-block-button is-style-fill\"><a class=\"wp-block-button__link wp-element-button\">ME CONSULTER POUR DEVIS<\/a><\/div>\n<!-- \/wp:button --><\/div>\n<!-- \/wp:buttons -->\n\n<!-- wp:paragraph -->\n<p><\/p>\n<!-- \/wp:paragraph -->","_et_gb_content_width":"","footnotes":""},"class_list":["post-710","page","type-page","status-publish","hentry"],"yoast_head":"<!-- This site is optimized with the Yoast SEO plugin v27.5 - https:\/\/yoast.com\/product\/yoast-seo-wordpress\/ -->\n<title>Programme gestion du stress et des \u00e9motions -<\/title>\n<meta name=\"description\" content=\"Booster vos salari\u00e9s gr\u00e2ce \u00e0 nos formations en qualit\u00e9 de vie au travail. Augmenter vos rendements et votre rentabilit\u00e9\" \/>\n<meta name=\"robots\" content=\"index, follow, max-snippet:-1, max-image-preview:large, max-video-preview:-1\" \/>\n<link rel=\"canonical\" href=\"https:\/\/www.espace-sophrologie.org\/?page_id=710\" \/>\n<meta property=\"og:locale\" content=\"fr_FR\" \/>\n<meta property=\"og:type\" content=\"article\" \/>\n<meta property=\"og:title\" content=\"Programme gestion du stress et des \u00e9motions -\" \/>\n<meta property=\"og:description\" content=\"Booster vos salari\u00e9s gr\u00e2ce \u00e0 nos formations en qualit\u00e9 de vie au travail. Augmenter vos rendements et votre rentabilit\u00e9\" \/>\n<meta property=\"og:url\" content=\"https:\/\/www.espace-sophrologie.org\/?page_id=710\" \/>\n<meta property=\"og:site_name\" content=\"Espace Sophrologie Hypnoth\u00e9rapie &amp; Reiki Annezin Bethune\" \/>\n<meta property=\"article:publisher\" content=\"https:\/\/www.facebook.com\/SophrologieHypnotherapieCybeleFlajollet\" \/>\n<meta property=\"article:modified_time\" content=\"2026-04-23T13:01:24+00:00\" \/>\n<meta name=\"twitter:card\" content=\"summary_large_image\" \/>\n<meta name=\"twitter:label1\" content=\"Dur\u00e9e de lecture estim\u00e9e\" \/>\n\t<meta name=\"twitter:data1\" content=\"4 minutes\" \/>\n<script type=\"application\/ld+json\" class=\"yoast-schema-graph\">{\"@context\":\"https:\\\/\\\/schema.org\",\"@graph\":[{\"@type\":\"WebPage\",\"@id\":\"https:\\\/\\\/www.espace-sophrologie.org\\\/?page_id=710\",\"url\":\"https:\\\/\\\/www.espace-sophrologie.org\\\/?page_id=710\",\"name\":\"Programme gestion du stress et des \u00e9motions -\",\"isPartOf\":{\"@id\":\"https:\\\/\\\/www.espace-sophrologie.org\\\/#website\"},\"datePublished\":\"2020-11-16T13:49:43+00:00\",\"dateModified\":\"2026-04-23T13:01:24+00:00\",\"description\":\"Booster vos salari\u00e9s gr\u00e2ce \u00e0 nos formations en qualit\u00e9 de vie au travail. Augmenter vos rendements et votre rentabilit\u00e9\",\"breadcrumb\":{\"@id\":\"https:\\\/\\\/www.espace-sophrologie.org\\\/?page_id=710#breadcrumb\"},\"inLanguage\":\"fr-FR\",\"potentialAction\":[{\"@type\":\"ReadAction\",\"target\":[\"https:\\\/\\\/www.espace-sophrologie.org\\\/?page_id=710\"]}]},{\"@type\":\"BreadcrumbList\",\"@id\":\"https:\\\/\\\/www.espace-sophrologie.org\\\/?page_id=710#breadcrumb\",\"itemListElement\":[{\"@type\":\"ListItem\",\"position\":1,\"name\":\"Accueil\",\"item\":\"https:\\\/\\\/www.espace-sophrologie.org\\\/\"},{\"@type\":\"ListItem\",\"position\":2,\"name\":\"Programme gestion du stress et des \u00e9motions\"}]},{\"@type\":\"WebSite\",\"@id\":\"https:\\\/\\\/www.espace-sophrologie.org\\\/#website\",\"url\":\"https:\\\/\\\/www.espace-sophrologie.org\\\/\",\"name\":\"Espace Sophrologie Re\u00efki et Hypnoth\u00e9rapie Lillers\",\"description\":\"Retrouvez une s\u00e9r\u00e9nit\u00e9 int\u00e9rieure de fa\u00e7on durable\",\"publisher\":{\"@id\":\"https:\\\/\\\/www.espace-sophrologie.org\\\/#\\\/schema\\\/person\\\/b46e9b4035cb420e895dd04fe6a3868a\"},\"potentialAction\":[{\"@type\":\"SearchAction\",\"target\":{\"@type\":\"EntryPoint\",\"urlTemplate\":\"https:\\\/\\\/www.espace-sophrologie.org\\\/?s={search_term_string}\"},\"query-input\":{\"@type\":\"PropertyValueSpecification\",\"valueRequired\":true,\"valueName\":\"search_term_string\"}}],\"inLanguage\":\"fr-FR\"},{\"@type\":[\"Person\",\"Organization\"],\"@id\":\"https:\\\/\\\/www.espace-sophrologie.org\\\/#\\\/schema\\\/person\\\/b46e9b4035cb420e895dd04fe6a3868a\",\"name\":\"Cyb\u00e8le\",\"image\":{\"@type\":\"ImageObject\",\"inLanguage\":\"fr-FR\",\"@id\":\"https:\\\/\\\/secure.gravatar.com\\\/avatar\\\/8285c3113cdab605c1638656a22af4c9e3228f6d01d018d28667382f01cd85ab?s=96&d=mm&r=g\",\"url\":\"https:\\\/\\\/secure.gravatar.com\\\/avatar\\\/8285c3113cdab605c1638656a22af4c9e3228f6d01d018d28667382f01cd85ab?s=96&d=mm&r=g\",\"contentUrl\":\"https:\\\/\\\/secure.gravatar.com\\\/avatar\\\/8285c3113cdab605c1638656a22af4c9e3228f6d01d018d28667382f01cd85ab?s=96&d=mm&r=g\",\"caption\":\"Cyb\u00e8le\"},\"logo\":{\"@id\":\"https:\\\/\\\/secure.gravatar.com\\\/avatar\\\/8285c3113cdab605c1638656a22af4c9e3228f6d01d018d28667382f01cd85ab?s=96&d=mm&r=g\"},\"sameAs\":[\"http:\\\/\\\/www.espace-sophrologie.org\",\"https:\\\/\\\/www.facebook.com\\\/SophrologieHypnotherapieCybeleFlajollet\"]}]}<\/script>\n<!-- \/ Yoast SEO plugin. -->","yoast_head_json":{"title":"Programme gestion du stress et des \u00e9motions -","description":"Booster vos salari\u00e9s gr\u00e2ce \u00e0 nos formations en qualit\u00e9 de vie au travail. Augmenter vos rendements et votre rentabilit\u00e9","robots":{"index":"index","follow":"follow","max-snippet":"max-snippet:-1","max-image-preview":"max-image-preview:large","max-video-preview":"max-video-preview:-1"},"canonical":"https:\/\/www.espace-sophrologie.org\/?page_id=710","og_locale":"fr_FR","og_type":"article","og_title":"Programme gestion du stress et des \u00e9motions -","og_description":"Booster vos salari\u00e9s gr\u00e2ce \u00e0 nos formations en qualit\u00e9 de vie au travail. Augmenter vos rendements et votre rentabilit\u00e9","og_url":"https:\/\/www.espace-sophrologie.org\/?page_id=710","og_site_name":"Espace Sophrologie Hypnoth\u00e9rapie &amp; Reiki Annezin Bethune","article_publisher":"https:\/\/www.facebook.com\/SophrologieHypnotherapieCybeleFlajollet","article_modified_time":"2026-04-23T13:01:24+00:00","twitter_card":"summary_large_image","twitter_misc":{"Dur\u00e9e de lecture estim\u00e9e":"4 minutes"},"schema":{"@context":"https:\/\/schema.org","@graph":[{"@type":"WebPage","@id":"https:\/\/www.espace-sophrologie.org\/?page_id=710","url":"https:\/\/www.espace-sophrologie.org\/?page_id=710","name":"Programme gestion du stress et des \u00e9motions -","isPartOf":{"@id":"https:\/\/www.espace-sophrologie.org\/#website"},"datePublished":"2020-11-16T13:49:43+00:00","dateModified":"2026-04-23T13:01:24+00:00","description":"Booster vos salari\u00e9s gr\u00e2ce \u00e0 nos formations en qualit\u00e9 de vie au travail. Augmenter vos rendements et votre rentabilit\u00e9","breadcrumb":{"@id":"https:\/\/www.espace-sophrologie.org\/?page_id=710#breadcrumb"},"inLanguage":"fr-FR","potentialAction":[{"@type":"ReadAction","target":["https:\/\/www.espace-sophrologie.org\/?page_id=710"]}]},{"@type":"BreadcrumbList","@id":"https:\/\/www.espace-sophrologie.org\/?page_id=710#breadcrumb","itemListElement":[{"@type":"ListItem","position":1,"name":"Accueil","item":"https:\/\/www.espace-sophrologie.org\/"},{"@type":"ListItem","position":2,"name":"Programme gestion du stress et des \u00e9motions"}]},{"@type":"WebSite","@id":"https:\/\/www.espace-sophrologie.org\/#website","url":"https:\/\/www.espace-sophrologie.org\/","name":"Espace Sophrologie Re\u00efki et Hypnoth\u00e9rapie Lillers","description":"Retrouvez une s\u00e9r\u00e9nit\u00e9 int\u00e9rieure de fa\u00e7on durable","publisher":{"@id":"https:\/\/www.espace-sophrologie.org\/#\/schema\/person\/b46e9b4035cb420e895dd04fe6a3868a"},"potentialAction":[{"@type":"SearchAction","target":{"@type":"EntryPoint","urlTemplate":"https:\/\/www.espace-sophrologie.org\/?s={search_term_string}"},"query-input":{"@type":"PropertyValueSpecification","valueRequired":true,"valueName":"search_term_string"}}],"inLanguage":"fr-FR"},{"@type":["Person","Organization"],"@id":"https:\/\/www.espace-sophrologie.org\/#\/schema\/person\/b46e9b4035cb420e895dd04fe6a3868a","name":"Cyb\u00e8le","image":{"@type":"ImageObject","inLanguage":"fr-FR","@id":"https:\/\/secure.gravatar.com\/avatar\/8285c3113cdab605c1638656a22af4c9e3228f6d01d018d28667382f01cd85ab?s=96&d=mm&r=g","url":"https:\/\/secure.gravatar.com\/avatar\/8285c3113cdab605c1638656a22af4c9e3228f6d01d018d28667382f01cd85ab?s=96&d=mm&r=g","contentUrl":"https:\/\/secure.gravatar.com\/avatar\/8285c3113cdab605c1638656a22af4c9e3228f6d01d018d28667382f01cd85ab?s=96&d=mm&r=g","caption":"Cyb\u00e8le"},"logo":{"@id":"https:\/\/secure.gravatar.com\/avatar\/8285c3113cdab605c1638656a22af4c9e3228f6d01d018d28667382f01cd85ab?s=96&d=mm&r=g"},"sameAs":["http:\/\/www.espace-sophrologie.org","https:\/\/www.facebook.com\/SophrologieHypnotherapieCybeleFlajollet"]}]}},"_links":{"self":[{"href":"https:\/\/www.espace-sophrologie.org\/index.php?rest_route=\/wp\/v2\/pages\/710","targetHints":{"allow":["GET"]}}],"collection":[{"href":"https:\/\/www.espace-sophrologie.org\/index.php?rest_route=\/wp\/v2\/pages"}],"about":[{"href":"https:\/\/www.espace-sophrologie.org\/index.php?rest_route=\/wp\/v2\/types\/page"}],"author":[{"embeddable":true,"href":"https:\/\/www.espace-sophrologie.org\/index.php?rest_route=\/wp\/v2\/users\/1"}],"replies":[{"embeddable":true,"href":"https:\/\/www.espace-sophrologie.org\/index.php?rest_route=%2Fwp%2Fv2%2Fcomments&post=710"}],"version-history":[{"count":62,"href":"https:\/\/www.espace-sophrologie.org\/index.php?rest_route=\/wp\/v2\/pages\/710\/revisions"}],"predecessor-version":[{"id":1581,"href":"https:\/\/www.espace-sophrologie.org\/index.php?rest_route=\/wp\/v2\/pages\/710\/revisions\/1581"}],"wp:attachment":[{"href":"https:\/\/www.espace-sophrologie.org\/index.php?rest_route=%2Fwp%2Fv2%2Fmedia&parent=710"}],"curies":[{"name":"wp","href":"https:\/\/api.w.org\/{rel}","templated":true}]}}